{"id":913,"date":"2024-08-26T17:51:53","date_gmt":"2024-08-26T15:51:53","guid":{"rendered":"https:\/\/mieuxetreenre.fr\/?page_id=913"},"modified":"2024-08-29T18:54:14","modified_gmt":"2024-08-29T16:54:14","slug":"coach-parental","status":"publish","type":"page","link":"https:\/\/mieuxetreenre.fr\/index.php\/coach-parental\/","title":{"rendered":"Coach parental"},"content":{"rendered":"\t\t<div data-elementor-type=\"wp-page\" data-elementor-id=\"913\" class=\"elementor elementor-913\">\n\t\t\t\t\t\t<section class=\"elementor-section elementor-top-section elementor-element elementor-element-feec092 elementor-section-boxed elementor-section-height-default elementor-section-height-default\" data-id=\"feec092\" data-element_type=\"section\">\n\t\t\t\t\t\t<div class=\"elementor-container elementor-column-gap-default\">\n\t\t\t\t\t<div class=\"elementor-column elementor-col-100 elementor-top-column elementor-element elementor-element-c5007ea\" data-id=\"c5007ea\" data-element_type=\"column\">\n\t\t\t<div class=\"elementor-widget-wrap elementor-element-populated\">\n\t\t\t\t\t\t<div class=\"elementor-element elementor-element-337de75 elementor-widget elementor-widget-heading\" data-id=\"337de75\" data-element_type=\"widget\" data-widget_type=\"heading.default\">\n\t\t\t\t<div class=\"elementor-widget-container\">\n\t\t\t\t\t<h2 class=\"elementor-heading-title elementor-size-default\">Coach Parental<\/h2>\t\t\t\t<\/div>\n\t\t\t\t<\/div>\n\t\t\t\t\t<\/div>\n\t\t<\/div>\n\t\t\t\t\t<\/div>\n\t\t<\/section>\n\t\t\t\t<section class=\"elementor-section elementor-top-section elementor-element elementor-element-4281cb5 elementor-section-boxed elementor-section-height-default elementor-section-height-default\" data-id=\"4281cb5\" data-element_type=\"section\">\n\t\t\t\t\t\t<div class=\"elementor-container elementor-column-gap-default\">\n\t\t\t\t\t<div class=\"elementor-column elementor-col-100 elementor-top-column elementor-element elementor-element-ac28adb\" data-id=\"ac28adb\" data-element_type=\"column\">\n\t\t\t<div class=\"elementor-widget-wrap elementor-element-populated\">\n\t\t\t\t\t\t<div class=\"elementor-element elementor-element-3e509a8 elementor-widget elementor-widget-text-editor\" data-id=\"3e509a8\" data-element_type=\"widget\" data-widget_type=\"text-editor.default\">\n\t\t\t\t<div class=\"elementor-widget-container\">\n\t\t\t\t\t\t\t\t\t<p><strong>Qu&rsquo;est-ce qu&rsquo;un Coach Parental ?<\/strong><\/p><p>Un coach parental est un professionnel qui aide les parents \u00e0 surmonter les d\u00e9fis de l&rsquo;\u00e9ducation et \u00e0 renforcer leur relation avec leurs enfants.<\/p><p><strong>Comment \u00e7a fonctionne ?<\/strong><\/p><p>Le coach parental travaille avec les parents pour identifier les probl\u00e8mes sp\u00e9cifiques qu&rsquo;ils rencontrent dans l&rsquo;\u00e9ducation de leurs enfants, puis les guide pour d\u00e9velopper des strat\u00e9gies et des comp\u00e9tences positives pour r\u00e9soudre ces probl\u00e8mes.<\/p><p><strong>Pourquoi choisir un coach parental ?<\/strong><\/p><ul><li><strong>Soutien personnalis\u00e9<\/strong> : Le coach parental offre un soutien adapt\u00e9 aux besoins uniques de chaque famille.<\/li><li><strong>Strat\u00e9gies efficaces<\/strong> : Il fournit des outils pratiques et des conseils \u00e9prouv\u00e9s pour aider les parents \u00e0 surmonter les d\u00e9fis de l&rsquo;\u00e9ducation.<\/li><li><strong>Confiance et connexion<\/strong> : Le coaching parental renforce la confiance des parents dans leurs comp\u00e9tences parentales et am\u00e9liore la relation parent-enfant.<\/li><\/ul>\t\t\t\t\t\t\t\t<\/div>\n\t\t\t\t<\/div>\n\t\t\t\t\t<\/div>\n\t\t<\/div>\n\t\t\t\t\t<\/div>\n\t\t<\/section>\n\t\t\t\t<section class=\"elementor-section elementor-top-section elementor-element elementor-element-b42a64d elementor-section-boxed elementor-section-height-default elementor-section-height-default\" data-id=\"b42a64d\" data-element_type=\"section\">\n\t\t\t\t\t\t<div class=\"elementor-container elementor-column-gap-default\">\n\t\t\t\t\t<div class=\"elementor-column elementor-col-50 elementor-top-column elementor-element elementor-element-383f91e\" data-id=\"383f91e\" data-element_type=\"column\">\n\t\t\t<div class=\"elementor-widget-wrap elementor-element-populated\">\n\t\t\t\t\t\t<div class=\"elementor-element elementor-element-c7e0518 elementor-widget elementor-widget-text-editor\" data-id=\"c7e0518\" data-element_type=\"widget\" data-widget_type=\"text-editor.default\">\n\t\t\t\t<div class=\"elementor-widget-container\">\n\t\t\t\t\t\t\t\t\t<p>Contactez <strong>Catherine Maignan<\/strong><\/p><p>T\u00e9l\u00e9phone : 06 76 91 51 45<\/p>\t\t\t\t\t\t\t\t<\/div>\n\t\t\t\t<\/div>\n\t\t\t\t\t<\/div>\n\t\t<\/div>\n\t\t\t\t<div class=\"elementor-column elementor-col-50 elementor-top-column elementor-element elementor-element-e789390\" data-id=\"e789390\" data-element_type=\"column\">\n\t\t\t<div class=\"elementor-widget-wrap elementor-element-populated\">\n\t\t\t\t\t\t<div class=\"elementor-element elementor-element-609c5f2 elementor-widget elementor-widget-image\" data-id=\"609c5f2\" data-element_type=\"widget\" data-widget_type=\"image.default\">\n\t\t\t\t<div class=\"elementor-widget-container\">\n\t\t\t\t\t\t\t\t\t\t\t\t<figure class=\"wp-caption\">\n\t\t\t\t\t\t\t\t\t\t<img fetchpriority=\"high\" decoding=\"async\" width=\"200\" height=\"300\" src=\"https:\/\/mieuxetreenre.fr\/wp-content\/uploads\/2024\/08\/GwladysLouisetphotography-4059-200x300.jpg\" class=\"attachment-medium size-medium wp-image-941\" alt=\"\" srcset=\"https:\/\/mieuxetreenre.fr\/wp-content\/uploads\/2024\/08\/GwladysLouisetphotography-4059-200x300.jpg 200w, https:\/\/mieuxetreenre.fr\/wp-content\/uploads\/2024\/08\/GwladysLouisetphotography-4059-681x1024.jpg 681w, https:\/\/mieuxetreenre.fr\/wp-content\/uploads\/2024\/08\/GwladysLouisetphotography-4059-768x1154.jpg 768w, https:\/\/mieuxetreenre.fr\/wp-content\/uploads\/2024\/08\/GwladysLouisetphotography-4059-1022x1536.jpg 1022w, https:\/\/mieuxetreenre.fr\/wp-content\/uploads\/2024\/08\/GwladysLouisetphotography-4059-1363x2048.jpg 1363w, https:\/\/mieuxetreenre.fr\/wp-content\/uploads\/2024\/08\/GwladysLouisetphotography-4059-1320x1984.jpg 1320w, https:\/\/mieuxetreenre.fr\/wp-content\/uploads\/2024\/08\/GwladysLouisetphotography-4059-scaled.jpg 1703w\" sizes=\"(max-width: 200px) 100vw, 200px\" \/>\t\t\t\t\t\t\t\t\t\t\t<figcaption class=\"widget-image-caption wp-caption-text\">cr\u00e9dit photo : GwladysLouisetphotography<\/figcaption>\n\t\t\t\t\t\t\t\t\t\t<\/figure>\n\t\t\t\t\t\t\t\t\t<\/div>\n\t\t\t\t<\/div>\n\t\t\t\t\t<\/div>\n\t\t<\/div>\n\t\t\t\t\t<\/div>\n\t\t<\/section>\n\t\t\t\t<\/div>\n\t\t","protected":false},"excerpt":{"rendered":"<p>Coach Parental Qu&rsquo;est-ce qu&rsquo;un Coach Parental ? Un coach parental est un professionnel qui aide les parents \u00e0 surmonter les d\u00e9fis de l&rsquo;\u00e9ducation et \u00e0 renforcer leur relation avec leurs enfants. Comment \u00e7a fonctionne ? Le coach parental travaille avec les parents pour identifier les probl\u00e8mes sp\u00e9cifiques qu&rsquo;ils rencontrent dans l&rsquo;\u00e9ducation de leurs enfants, puis [&hellip;]<\/p>\n","protected":false},"author":2,"featured_media":0,"parent":0,"menu_order":0,"comment_status":"closed","ping_status":"closed","template":"","meta":{"site-sidebar-layout":"no-sidebar","site-content-layout":"page-builder","ast-site-content-layout":"full-width-container","site-content-style":"default","site-sidebar-style":"default","ast-global-header-display":"","ast-banner-title-visibility":"","ast-main-header-display":"","ast-hfb-above-header-display":"","ast-hfb-below-header-display":"","ast-hfb-mobile-header-display":"","site-post-title":"disabled","ast-breadcrumbs-content":"","ast-featured-img":"disabled","footer-sml-layout":"","theme-transparent-header-meta":"","adv-header-id-meta":"","stick-header-meta":"","header-above-stick-meta":"","header-main-stick-meta":"","header-below-stick-meta":"","astra-migrate-meta-layouts":"set","ast-page-background-enabled":"default","ast-page-background-meta":{"desktop":{"background-color":"var(--ast-global-color-4)","background-image":"","background-repeat":"repeat","background-position":"center center","background-size":"auto","background-attachment":"scroll","background-type":"","background-media":"","overlay-type":"","overlay-color":"","overlay-opacity":"","overlay-gradient":""},"tablet":{"background-color":"","background-image":"","background-repeat":"repeat","background-position":"center center","background-size":"auto","background-attachment":"scroll","background-type":"","background-media":"","overlay-type":"","overlay-color":"","overlay-opacity":"","overlay-gradient":""},"mobile":{"background-color":"","background-image":"","background-repeat":"repeat","background-position":"center center","background-size":"auto","background-attachment":"scroll","background-type":"","background-media":"","overlay-type":"","overlay-color":"","overlay-opacity":"","overlay-gradient":""}},"ast-content-background-meta":{"desktop":{"background-color":"var(--ast-global-color-5)","background-image":"","background-repeat":"repeat","background-position":"center center","background-size":"auto","background-attachment":"scroll","background-type":"","background-media":"","overlay-type":"","overlay-color":"","overlay-opacity":"","overlay-gradient":""},"tablet":{"background-color":"var(--ast-global-color-5)","background-image":"","background-repeat":"repeat","background-position":"center center","background-size":"auto","background-attachment":"scroll","background-type":"","background-media":"","overlay-type":"","overlay-color":"","overlay-opacity":"","overlay-gradient":""},"mobile":{"background-color":"var(--ast-global-color-5)","background-image":"","background-repeat":"repeat","background-position":"center center","background-size":"auto","background-attachment":"scroll","background-type":"","background-media":"","overlay-type":"","overlay-color":"","overlay-opacity":"","overlay-gradient":""}},"footnotes":""},"class_list":["post-913","page","type-page","status-publish","hentry"],"yoast_head":"<!-- This site is optimized with the Yoast SEO plugin v25.8 - https:\/\/yoast.com\/wordpress\/plugins\/seo\/ -->\n<title>Coach parental - Association Mieux \u00eatre en R\u00e9<\/title>\n<meta name=\"description\" content=\"Catherine Maignan, coach parental sur l&#039;Ile de R\u00e9, vous apporte son aide pour vos relations parents - enfants\" \/>\n<meta name=\"robots\" content=\"index, follow, max-snippet:-1, max-image-preview:large, max-video-preview:-1\" \/>\n<link rel=\"canonical\" href=\"https:\/\/mieuxetreenre.fr\/index.php\/coach-parental\/\" \/>\n<meta property=\"og:locale\" content=\"fr_FR\" \/>\n<meta property=\"og:type\" content=\"article\" \/>\n<meta property=\"og:title\" content=\"Coach parental - Association Mieux \u00eatre en R\u00e9\" \/>\n<meta property=\"og:description\" content=\"Catherine Maignan, coach parental sur l&#039;Ile de R\u00e9, vous apporte son aide pour vos relations parents - enfants\" \/>\n<meta property=\"og:url\" content=\"https:\/\/mieuxetreenre.fr\/index.php\/coach-parental\/\" \/>\n<meta property=\"og:site_name\" content=\"Association Mieux \u00eatre en R\u00e9\" \/>\n<meta property=\"article:publisher\" content=\"https:\/\/www.facebook.com\/Mieux.Etre.en.Re\" \/>\n<meta property=\"article:modified_time\" content=\"2024-08-29T16:54:14+00:00\" \/>\n<meta property=\"og:image\" content=\"https:\/\/mieuxetreenre.fr\/wp-content\/uploads\/2024\/08\/GwladysLouisetphotography-4059-200x300.jpg\" \/>\n<meta name=\"twitter:card\" content=\"summary_large_image\" \/>\n<meta name=\"twitter:label1\" content=\"Dur\u00e9e de lecture estim\u00e9e\" \/>\n\t<meta name=\"twitter:data1\" content=\"1 minute\" \/>\n<script type=\"application\/ld+json\" class=\"yoast-schema-graph\">{\"@context\":\"https:\/\/schema.org\",\"@graph\":[{\"@type\":\"WebPage\",\"@id\":\"https:\/\/mieuxetreenre.fr\/index.php\/coach-parental\/\",\"url\":\"https:\/\/mieuxetreenre.fr\/index.php\/coach-parental\/\",\"name\":\"Coach parental - Association Mieux \u00eatre en R\u00e9\",\"isPartOf\":{\"@id\":\"https:\/\/mieuxetreenre.fr\/#website\"},\"primaryImageOfPage\":{\"@id\":\"https:\/\/mieuxetreenre.fr\/index.php\/coach-parental\/#primaryimage\"},\"image\":{\"@id\":\"https:\/\/mieuxetreenre.fr\/index.php\/coach-parental\/#primaryimage\"},\"thumbnailUrl\":\"https:\/\/mieuxetreenre.fr\/wp-content\/uploads\/2024\/08\/GwladysLouisetphotography-4059-200x300.jpg\",\"datePublished\":\"2024-08-26T15:51:53+00:00\",\"dateModified\":\"2024-08-29T16:54:14+00:00\",\"description\":\"Catherine Maignan, coach parental sur l'Ile de R\u00e9, vous apporte son aide pour vos relations parents - enfants\",\"breadcrumb\":{\"@id\":\"https:\/\/mieuxetreenre.fr\/index.php\/coach-parental\/#breadcrumb\"},\"inLanguage\":\"fr-FR\",\"potentialAction\":[{\"@type\":\"ReadAction\",\"target\":[\"https:\/\/mieuxetreenre.fr\/index.php\/coach-parental\/\"]}]},{\"@type\":\"ImageObject\",\"inLanguage\":\"fr-FR\",\"@id\":\"https:\/\/mieuxetreenre.fr\/index.php\/coach-parental\/#primaryimage\",\"url\":\"https:\/\/mieuxetreenre.fr\/wp-content\/uploads\/2024\/08\/GwladysLouisetphotography-4059-scaled.jpg\",\"contentUrl\":\"https:\/\/mieuxetreenre.fr\/wp-content\/uploads\/2024\/08\/GwladysLouisetphotography-4059-scaled.jpg\",\"width\":1703,\"height\":2560,\"caption\":\"cr\u00e9dit photo : GwladysLouisetphotography\"},{\"@type\":\"BreadcrumbList\",\"@id\":\"https:\/\/mieuxetreenre.fr\/index.php\/coach-parental\/#breadcrumb\",\"itemListElement\":[{\"@type\":\"ListItem\",\"position\":1,\"name\":\"Accueil\",\"item\":\"https:\/\/mieuxetreenre.fr\/\"},{\"@type\":\"ListItem\",\"position\":2,\"name\":\"Coach parental\"}]},{\"@type\":\"WebSite\",\"@id\":\"https:\/\/mieuxetreenre.fr\/#website\",\"url\":\"https:\/\/mieuxetreenre.fr\/\",\"name\":\"Association Mieux \u00eatre en R\u00e9\",\"description\":\"F\u00e9d\u00e9rateur de bonheur\",\"publisher\":{\"@id\":\"https:\/\/mieuxetreenre.fr\/#organization\"},\"potentialAction\":[{\"@type\":\"SearchAction\",\"target\":{\"@type\":\"EntryPoint\",\"urlTemplate\":\"https:\/\/mieuxetreenre.fr\/?s={search_term_string}\"},\"query-input\":{\"@type\":\"PropertyValueSpecification\",\"valueRequired\":true,\"valueName\":\"search_term_string\"}}],\"inLanguage\":\"fr-FR\"},{\"@type\":\"Organization\",\"@id\":\"https:\/\/mieuxetreenre.fr\/#organization\",\"name\":\"Association Mieux \u00eatre en R\u00e9\",\"url\":\"https:\/\/mieuxetreenre.fr\/\",\"logo\":{\"@type\":\"ImageObject\",\"inLanguage\":\"fr-FR\",\"@id\":\"https:\/\/mieuxetreenre.fr\/#\/schema\/logo\/image\/\",\"url\":\"https:\/\/mieuxetreenre.fr\/wp-content\/uploads\/2023\/03\/cropped-cropped-LOGO-MEER-ROND-1-1.png\",\"contentUrl\":\"https:\/\/mieuxetreenre.fr\/wp-content\/uploads\/2023\/03\/cropped-cropped-LOGO-MEER-ROND-1-1.png\",\"width\":293,\"height\":290,\"caption\":\"Association Mieux \u00eatre en R\u00e9\"},\"image\":{\"@id\":\"https:\/\/mieuxetreenre.fr\/#\/schema\/logo\/image\/\"},\"sameAs\":[\"https:\/\/www.facebook.com\/Mieux.Etre.en.Re\"]}]}<\/script>\n<!-- \/ Yoast SEO plugin. -->","yoast_head_json":{"title":"Coach parental - Association Mieux \u00eatre en R\u00e9","description":"Catherine Maignan, coach parental sur l'Ile de R\u00e9, vous apporte son aide pour vos relations parents - enfants","robots":{"index":"index","follow":"follow","max-snippet":"max-snippet:-1","max-image-preview":"max-image-preview:large","max-video-preview":"max-video-preview:-1"},"canonical":"https:\/\/mieuxetreenre.fr\/index.php\/coach-parental\/","og_locale":"fr_FR","og_type":"article","og_title":"Coach parental - Association Mieux \u00eatre en R\u00e9","og_description":"Catherine Maignan, coach parental sur l'Ile de R\u00e9, vous apporte son aide pour vos relations parents - enfants","og_url":"https:\/\/mieuxetreenre.fr\/index.php\/coach-parental\/","og_site_name":"Association Mieux \u00eatre en R\u00e9","article_publisher":"https:\/\/www.facebook.com\/Mieux.Etre.en.Re","article_modified_time":"2024-08-29T16:54:14+00:00","og_image":[{"url":"https:\/\/mieuxetreenre.fr\/wp-content\/uploads\/2024\/08\/GwladysLouisetphotography-4059-200x300.jpg","type":"","width":"","height":""}],"twitter_card":"summary_large_image","twitter_misc":{"Dur\u00e9e de lecture estim\u00e9e":"1 minute"},"schema":{"@context":"https:\/\/schema.org","@graph":[{"@type":"WebPage","@id":"https:\/\/mieuxetreenre.fr\/index.php\/coach-parental\/","url":"https:\/\/mieuxetreenre.fr\/index.php\/coach-parental\/","name":"Coach parental - Association Mieux \u00eatre en R\u00e9","isPartOf":{"@id":"https:\/\/mieuxetreenre.fr\/#website"},"primaryImageOfPage":{"@id":"https:\/\/mieuxetreenre.fr\/index.php\/coach-parental\/#primaryimage"},"image":{"@id":"https:\/\/mieuxetreenre.fr\/index.php\/coach-parental\/#primaryimage"},"thumbnailUrl":"https:\/\/mieuxetreenre.fr\/wp-content\/uploads\/2024\/08\/GwladysLouisetphotography-4059-200x300.jpg","datePublished":"2024-08-26T15:51:53+00:00","dateModified":"2024-08-29T16:54:14+00:00","description":"Catherine Maignan, coach parental sur l'Ile de R\u00e9, vous apporte son aide pour vos relations parents - enfants","breadcrumb":{"@id":"https:\/\/mieuxetreenre.fr\/index.php\/coach-parental\/#breadcrumb"},"inLanguage":"fr-FR","potentialAction":[{"@type":"ReadAction","target":["https:\/\/mieuxetreenre.fr\/index.php\/coach-parental\/"]}]},{"@type":"ImageObject","inLanguage":"fr-FR","@id":"https:\/\/mieuxetreenre.fr\/index.php\/coach-parental\/#primaryimage","url":"https:\/\/mieuxetreenre.fr\/wp-content\/uploads\/2024\/08\/GwladysLouisetphotography-4059-scaled.jpg","contentUrl":"https:\/\/mieuxetreenre.fr\/wp-content\/uploads\/2024\/08\/GwladysLouisetphotography-4059-scaled.jpg","width":1703,"height":2560,"caption":"cr\u00e9dit photo : GwladysLouisetphotography"},{"@type":"BreadcrumbList","@id":"https:\/\/mieuxetreenre.fr\/index.php\/coach-parental\/#breadcrumb","itemListElement":[{"@type":"ListItem","position":1,"name":"Accueil","item":"https:\/\/mieuxetreenre.fr\/"},{"@type":"ListItem","position":2,"name":"Coach parental"}]},{"@type":"WebSite","@id":"https:\/\/mieuxetreenre.fr\/#website","url":"https:\/\/mieuxetreenre.fr\/","name":"Association Mieux \u00eatre en R\u00e9","description":"F\u00e9d\u00e9rateur de bonheur","publisher":{"@id":"https:\/\/mieuxetreenre.fr\/#organization"},"potentialAction":[{"@type":"SearchAction","target":{"@type":"EntryPoint","urlTemplate":"https:\/\/mieuxetreenre.fr\/?s={search_term_string}"},"query-input":{"@type":"PropertyValueSpecification","valueRequired":true,"valueName":"search_term_string"}}],"inLanguage":"fr-FR"},{"@type":"Organization","@id":"https:\/\/mieuxetreenre.fr\/#organization","name":"Association Mieux \u00eatre en R\u00e9","url":"https:\/\/mieuxetreenre.fr\/","logo":{"@type":"ImageObject","inLanguage":"fr-FR","@id":"https:\/\/mieuxetreenre.fr\/#\/schema\/logo\/image\/","url":"https:\/\/mieuxetreenre.fr\/wp-content\/uploads\/2023\/03\/cropped-cropped-LOGO-MEER-ROND-1-1.png","contentUrl":"https:\/\/mieuxetreenre.fr\/wp-content\/uploads\/2023\/03\/cropped-cropped-LOGO-MEER-ROND-1-1.png","width":293,"height":290,"caption":"Association Mieux \u00eatre en R\u00e9"},"image":{"@id":"https:\/\/mieuxetreenre.fr\/#\/schema\/logo\/image\/"},"sameAs":["https:\/\/www.facebook.com\/Mieux.Etre.en.Re"]}]}},"jetpack_sharing_enabled":true,"_links":{"self":[{"href":"https:\/\/mieuxetreenre.fr\/index.php\/wp-json\/wp\/v2\/pages\/913","targetHints":{"allow":["GET"]}}],"collection":[{"href":"https:\/\/mieuxetreenre.fr\/index.php\/wp-json\/wp\/v2\/pages"}],"about":[{"href":"https:\/\/mieuxetreenre.fr\/index.php\/wp-json\/wp\/v2\/types\/page"}],"author":[{"embeddable":true,"href":"https:\/\/mieuxetreenre.fr\/index.php\/wp-json\/wp\/v2\/users\/2"}],"replies":[{"embeddable":true,"href":"https:\/\/mieuxetreenre.fr\/index.php\/wp-json\/wp\/v2\/comments?post=913"}],"version-history":[{"count":13,"href":"https:\/\/mieuxetreenre.fr\/index.php\/wp-json\/wp\/v2\/pages\/913\/revisions"}],"predecessor-version":[{"id":947,"href":"https:\/\/mieuxetreenre.fr\/index.php\/wp-json\/wp\/v2\/pages\/913\/revisions\/947"}],"wp:attachment":[{"href":"https:\/\/mieuxetreenre.fr\/index.php\/wp-json\/wp\/v2\/media?parent=913"}],"curies":[{"name":"wp","href":"https:\/\/api.w.org\/{rel}","templated":true}]}}