{"id":848,"date":"2024-08-15T12:55:30","date_gmt":"2024-08-15T10:55:30","guid":{"rendered":"https:\/\/mieuxetreenre.fr\/?page_id=848"},"modified":"2024-09-17T18:56:55","modified_gmt":"2024-09-17T16:56:55","slug":"equicoach","status":"publish","type":"page","link":"https:\/\/mieuxetreenre.fr\/index.php\/equicoach\/","title":{"rendered":"Equi-coaching"},"content":{"rendered":"\t\t<div data-elementor-type=\"wp-page\" data-elementor-id=\"848\" class=\"elementor elementor-848\">\n\t\t\t\t\t\t<section class=\"elementor-section elementor-top-section elementor-element elementor-element-564606a elementor-section-boxed elementor-section-height-default elementor-section-height-default\" data-id=\"564606a\" data-element_type=\"section\">\n\t\t\t\t\t\t<div class=\"elementor-container elementor-column-gap-default\">\n\t\t\t\t\t<div class=\"elementor-column elementor-col-100 elementor-top-column elementor-element elementor-element-84f7808\" data-id=\"84f7808\" data-element_type=\"column\">\n\t\t\t<div class=\"elementor-widget-wrap elementor-element-populated\">\n\t\t\t\t\t\t<div class=\"elementor-element elementor-element-435fd02 elementor-widget elementor-widget-heading\" data-id=\"435fd02\" data-element_type=\"widget\" data-widget_type=\"heading.default\">\n\t\t\t\t<div class=\"elementor-widget-container\">\n\t\t\t\t\t<h2 class=\"elementor-heading-title elementor-size-default\">Equi-coaching<\/h2>\t\t\t\t<\/div>\n\t\t\t\t<\/div>\n\t\t\t\t\t<\/div>\n\t\t<\/div>\n\t\t\t\t\t<\/div>\n\t\t<\/section>\n\t\t\t\t<section class=\"elementor-section elementor-top-section elementor-element elementor-element-0690020 elementor-section-boxed elementor-section-height-default elementor-section-height-default\" data-id=\"0690020\" data-element_type=\"section\">\n\t\t\t\t\t\t<div class=\"elementor-container elementor-column-gap-default\">\n\t\t\t\t\t<div class=\"elementor-column elementor-col-100 elementor-top-column elementor-element elementor-element-7ae855d\" data-id=\"7ae855d\" data-element_type=\"column\">\n\t\t\t<div class=\"elementor-widget-wrap elementor-element-populated\">\n\t\t\t\t\t\t<div class=\"elementor-element elementor-element-d158226 elementor-widget elementor-widget-text-editor\" data-id=\"d158226\" data-element_type=\"widget\" data-widget_type=\"text-editor.default\">\n\t\t\t\t<div class=\"elementor-widget-container\">\n\t\t\t\t\t\t\t\t\t<p><strong>Qu&rsquo;est-ce que l&rsquo;\u00e9qui-coaching ?<\/strong><\/p><p>L&rsquo;\u00e9qui-coaching est une m\u00e9thode de coaching qui utilise les chevaux comme partenaires pour aider les gens \u00e0 r\u00e9soudre des probl\u00e8mes, \u00e0 d\u00e9velopper des comp\u00e9tences et \u00e0 atteindre leurs objectifs.<\/p><p><strong>Comment \u00e7a marche ?<\/strong><\/p><p>Pendant une s\u00e9ance d&rsquo;\u00e9qui-coaching, vous interagissez avec les chevaux et apprenez d&rsquo;eux. Ils vous aident \u00e0 mieux comprendre vos \u00e9motions et vos comportements, ce qui vous permet de progresser vers vos objectifs.<\/p><p><strong>Pourquoi choisir l&rsquo;\u00e9qui-coaching ?<\/strong><\/p><ul><li><strong>Facile et amusant<\/strong> : Pas besoin d&rsquo;\u00eatre un expert en \u00e9quitation, tout le monde peut participer.<\/li><li><strong>Apprentissage pratique<\/strong> : Vous apprenez en faisant, ce qui rend l&rsquo;exp\u00e9rience plus m\u00e9morable et efficace.<\/li><li><strong>Confiance et bien-\u00eatre<\/strong> : Les chevaux sont de grands enseignants pour la confiance en soi et la gestion du stress..<\/li><\/ul>\t\t\t\t\t\t\t\t<\/div>\n\t\t\t\t<\/div>\n\t\t\t\t\t<\/div>\n\t\t<\/div>\n\t\t\t\t\t<\/div>\n\t\t<\/section>\n\t\t\t\t<section class=\"elementor-section elementor-top-section elementor-element elementor-element-d4d7dc1 elementor-section-boxed elementor-section-height-default elementor-section-height-default\" data-id=\"d4d7dc1\" data-element_type=\"section\">\n\t\t\t\t\t\t<div class=\"elementor-container elementor-column-gap-default\">\n\t\t\t\t\t<div class=\"elementor-column elementor-col-50 elementor-top-column elementor-element elementor-element-26c115a\" data-id=\"26c115a\" data-element_type=\"column\">\n\t\t\t<div class=\"elementor-widget-wrap elementor-element-populated\">\n\t\t\t\t\t\t<div class=\"elementor-element elementor-element-0c64bb3 elementor-widget elementor-widget-text-editor\" data-id=\"0c64bb3\" data-element_type=\"widget\" data-widget_type=\"text-editor.default\">\n\t\t\t\t<div class=\"elementor-widget-container\">\n\t\t\t\t\t\t\t\t\t<p><strong>Jo\u00eblle Franrenet<\/strong><\/p>\n<p>T\u00e9l\u00e9phone : 06 10 63 13 61<\/p>\n<p>Mail :&nbsp;<a href=\"mailto:joellefranrenet@club-internet.fr\" target=\"_blank\" style=\"font-family: var( --e-global-typography-text-font-family ), Sans-serif; font-weight: var( --e-global-typography-text-font-weight ); font-size: 1rem;\">joellefranrenet@club-internet.fr<\/a><\/p>\t\t\t\t\t\t\t\t<\/div>\n\t\t\t\t<\/div>\n\t\t\t\t\t<\/div>\n\t\t<\/div>\n\t\t\t\t<div class=\"elementor-column elementor-col-50 elementor-top-column elementor-element elementor-element-54e0967\" data-id=\"54e0967\" data-element_type=\"column\">\n\t\t\t<div class=\"elementor-widget-wrap elementor-element-populated\">\n\t\t\t\t\t\t<div class=\"elementor-element elementor-element-e17b623 elementor-widget elementor-widget-image\" data-id=\"e17b623\" data-element_type=\"widget\" data-widget_type=\"image.default\">\n\t\t\t\t<div class=\"elementor-widget-container\">\n\t\t\t\t\t\t\t\t\t\t\t\t\t\t\t<img fetchpriority=\"high\" decoding=\"async\" width=\"300\" height=\"200\" src=\"https:\/\/mieuxetreenre.fr\/wp-content\/uploads\/2024\/08\/horses-3694084_1920-300x200.jpg\" class=\"attachment-medium size-medium wp-image-835\" alt=\"\u00e9quicaoch\" srcset=\"https:\/\/mieuxetreenre.fr\/wp-content\/uploads\/2024\/08\/horses-3694084_1920-300x200.jpg 300w, https:\/\/mieuxetreenre.fr\/wp-content\/uploads\/2024\/08\/horses-3694084_1920-1024x683.jpg 1024w, https:\/\/mieuxetreenre.fr\/wp-content\/uploads\/2024\/08\/horses-3694084_1920-768x512.jpg 768w, https:\/\/mieuxetreenre.fr\/wp-content\/uploads\/2024\/08\/horses-3694084_1920-1536x1024.jpg 1536w, https:\/\/mieuxetreenre.fr\/wp-content\/uploads\/2024\/08\/horses-3694084_1920-1320x880.jpg 1320w, https:\/\/mieuxetreenre.fr\/wp-content\/uploads\/2024\/08\/horses-3694084_1920.jpg 1920w\" sizes=\"(max-width: 300px) 100vw, 300px\" \/>\t\t\t\t\t\t\t\t\t\t\t\t\t\t\t<\/div>\n\t\t\t\t<\/div>\n\t\t\t\t\t<\/div>\n\t\t<\/div>\n\t\t\t\t\t<\/div>\n\t\t<\/section>\n\t\t\t\t<\/div>\n\t\t","protected":false},"excerpt":{"rendered":"<p>Equi-coaching Qu&rsquo;est-ce que l&rsquo;\u00e9qui-coaching ? L&rsquo;\u00e9qui-coaching est une m\u00e9thode de coaching qui utilise les chevaux comme partenaires pour aider les gens \u00e0 r\u00e9soudre des probl\u00e8mes, \u00e0 d\u00e9velopper des comp\u00e9tences et \u00e0 atteindre leurs objectifs. Comment \u00e7a marche ? Pendant une s\u00e9ance d&rsquo;\u00e9qui-coaching, vous interagissez avec les chevaux et apprenez d&rsquo;eux. Ils vous aident \u00e0 mieux [&hellip;]<\/p>\n","protected":false},"author":2,"featured_media":0,"parent":0,"menu_order":0,"comment_status":"closed","ping_status":"closed","template":"","meta":{"site-sidebar-layout":"no-sidebar","site-content-layout":"page-builder","ast-site-content-layout":"full-width-container","site-content-style":"default","site-sidebar-style":"default","ast-global-header-display":"","ast-banner-title-visibility":"","ast-main-header-display":"","ast-hfb-above-header-display":"","ast-hfb-below-header-display":"","ast-hfb-mobile-header-display":"","site-post-title":"disabled","ast-breadcrumbs-content":"","ast-featured-img":"disabled","footer-sml-layout":"","theme-transparent-header-meta":"","adv-header-id-meta":"","stick-header-meta":"","header-above-stick-meta":"","header-main-stick-meta":"","header-below-stick-meta":"","astra-migrate-meta-layouts":"set","ast-page-background-enabled":"default","ast-page-background-meta":{"desktop":{"background-color":"var(--ast-global-color-4)","background-image":"","background-repeat":"repeat","background-position":"center center","background-size":"auto","background-attachment":"scroll","background-type":"","background-media":"","overlay-type":"","overlay-color":"","overlay-opacity":"","overlay-gradient":""},"tablet":{"background-color":"","background-image":"","background-repeat":"repeat","background-position":"center center","background-size":"auto","background-attachment":"scroll","background-type":"","background-media":"","overlay-type":"","overlay-color":"","overlay-opacity":"","overlay-gradient":""},"mobile":{"background-color":"","background-image":"","background-repeat":"repeat","background-position":"center center","background-size":"auto","background-attachment":"scroll","background-type":"","background-media":"","overlay-type":"","overlay-color":"","overlay-opacity":"","overlay-gradient":""}},"ast-content-background-meta":{"desktop":{"background-color":"var(--ast-global-color-5)","background-image":"","background-repeat":"repeat","background-position":"center center","background-size":"auto","background-attachment":"scroll","background-type":"","background-media":"","overlay-type":"","overlay-color":"","overlay-opacity":"","overlay-gradient":""},"tablet":{"background-color":"var(--ast-global-color-5)","background-image":"","background-repeat":"repeat","background-position":"center center","background-size":"auto","background-attachment":"scroll","background-type":"","background-media":"","overlay-type":"","overlay-color":"","overlay-opacity":"","overlay-gradient":""},"mobile":{"background-color":"var(--ast-global-color-5)","background-image":"","background-repeat":"repeat","background-position":"center center","background-size":"auto","background-attachment":"scroll","background-type":"","background-media":"","overlay-type":"","overlay-color":"","overlay-opacity":"","overlay-gradient":""}},"footnotes":""},"class_list":["post-848","page","type-page","status-publish","hentry"],"yoast_head":"<!-- This site is optimized with the Yoast SEO plugin v25.8 - https:\/\/yoast.com\/wordpress\/plugins\/seo\/ -->\n<title>Equi-coaching - Association Mieux \u00eatre en R\u00e9<\/title>\n<meta name=\"description\" content=\"je vous propose des s\u00e9ances d&#039;\u00e9quicoach \u00e0 Sainte Marie de R\u00e9, avec mes chevaux, j&#039;allie aussi mes s\u00e9ances avec au pr\u00e9alable de l&#039;astrologie\" \/>\n<meta name=\"robots\" content=\"index, follow, max-snippet:-1, max-image-preview:large, max-video-preview:-1\" \/>\n<link rel=\"canonical\" href=\"https:\/\/mieuxetreenre.fr\/index.php\/equicoach\/\" \/>\n<meta property=\"og:locale\" content=\"fr_FR\" \/>\n<meta property=\"og:type\" content=\"article\" \/>\n<meta property=\"og:title\" content=\"Equi-coaching - Association Mieux \u00eatre en R\u00e9\" \/>\n<meta property=\"og:description\" content=\"je vous propose des s\u00e9ances d&#039;\u00e9quicoach \u00e0 Sainte Marie de R\u00e9, avec mes chevaux, j&#039;allie aussi mes s\u00e9ances avec au pr\u00e9alable de l&#039;astrologie\" \/>\n<meta property=\"og:url\" content=\"https:\/\/mieuxetreenre.fr\/index.php\/equicoach\/\" \/>\n<meta property=\"og:site_name\" content=\"Association Mieux \u00eatre en R\u00e9\" \/>\n<meta property=\"article:publisher\" content=\"https:\/\/www.facebook.com\/Mieux.Etre.en.Re\" \/>\n<meta property=\"article:modified_time\" content=\"2024-09-17T16:56:55+00:00\" \/>\n<meta property=\"og:image\" content=\"https:\/\/mieuxetreenre.fr\/wp-content\/uploads\/2024\/08\/horses-3694084_1920-300x200.jpg\" \/>\n<meta name=\"twitter:card\" content=\"summary_large_image\" \/>\n<meta name=\"twitter:label1\" content=\"Dur\u00e9e de lecture estim\u00e9e\" \/>\n\t<meta name=\"twitter:data1\" content=\"1 minute\" \/>\n<script type=\"application\/ld+json\" class=\"yoast-schema-graph\">{\"@context\":\"https:\/\/schema.org\",\"@graph\":[{\"@type\":\"WebPage\",\"@id\":\"https:\/\/mieuxetreenre.fr\/index.php\/equicoach\/\",\"url\":\"https:\/\/mieuxetreenre.fr\/index.php\/equicoach\/\",\"name\":\"Equi-coaching - Association Mieux \u00eatre en R\u00e9\",\"isPartOf\":{\"@id\":\"https:\/\/mieuxetreenre.fr\/#website\"},\"primaryImageOfPage\":{\"@id\":\"https:\/\/mieuxetreenre.fr\/index.php\/equicoach\/#primaryimage\"},\"image\":{\"@id\":\"https:\/\/mieuxetreenre.fr\/index.php\/equicoach\/#primaryimage\"},\"thumbnailUrl\":\"https:\/\/mieuxetreenre.fr\/wp-content\/uploads\/2024\/08\/horses-3694084_1920-300x200.jpg\",\"datePublished\":\"2024-08-15T10:55:30+00:00\",\"dateModified\":\"2024-09-17T16:56:55+00:00\",\"description\":\"je vous propose des s\u00e9ances d'\u00e9quicoach \u00e0 Sainte Marie de R\u00e9, avec mes chevaux, j'allie aussi mes s\u00e9ances avec au pr\u00e9alable de l'astrologie\",\"breadcrumb\":{\"@id\":\"https:\/\/mieuxetreenre.fr\/index.php\/equicoach\/#breadcrumb\"},\"inLanguage\":\"fr-FR\",\"potentialAction\":[{\"@type\":\"ReadAction\",\"target\":[\"https:\/\/mieuxetreenre.fr\/index.php\/equicoach\/\"]}]},{\"@type\":\"ImageObject\",\"inLanguage\":\"fr-FR\",\"@id\":\"https:\/\/mieuxetreenre.fr\/index.php\/equicoach\/#primaryimage\",\"url\":\"https:\/\/mieuxetreenre.fr\/wp-content\/uploads\/2024\/08\/horses-3694084_1920.jpg\",\"contentUrl\":\"https:\/\/mieuxetreenre.fr\/wp-content\/uploads\/2024\/08\/horses-3694084_1920.jpg\",\"width\":1920,\"height\":1280,\"caption\":\"\u00e9quicaoch\"},{\"@type\":\"BreadcrumbList\",\"@id\":\"https:\/\/mieuxetreenre.fr\/index.php\/equicoach\/#breadcrumb\",\"itemListElement\":[{\"@type\":\"ListItem\",\"position\":1,\"name\":\"Accueil\",\"item\":\"https:\/\/mieuxetreenre.fr\/\"},{\"@type\":\"ListItem\",\"position\":2,\"name\":\"Equi-coaching\"}]},{\"@type\":\"WebSite\",\"@id\":\"https:\/\/mieuxetreenre.fr\/#website\",\"url\":\"https:\/\/mieuxetreenre.fr\/\",\"name\":\"Association Mieux \u00eatre en R\u00e9\",\"description\":\"F\u00e9d\u00e9rateur de bonheur\",\"publisher\":{\"@id\":\"https:\/\/mieuxetreenre.fr\/#organization\"},\"potentialAction\":[{\"@type\":\"SearchAction\",\"target\":{\"@type\":\"EntryPoint\",\"urlTemplate\":\"https:\/\/mieuxetreenre.fr\/?s={search_term_string}\"},\"query-input\":{\"@type\":\"PropertyValueSpecification\",\"valueRequired\":true,\"valueName\":\"search_term_string\"}}],\"inLanguage\":\"fr-FR\"},{\"@type\":\"Organization\",\"@id\":\"https:\/\/mieuxetreenre.fr\/#organization\",\"name\":\"Association Mieux \u00eatre en R\u00e9\",\"url\":\"https:\/\/mieuxetreenre.fr\/\",\"logo\":{\"@type\":\"ImageObject\",\"inLanguage\":\"fr-FR\",\"@id\":\"https:\/\/mieuxetreenre.fr\/#\/schema\/logo\/image\/\",\"url\":\"https:\/\/mieuxetreenre.fr\/wp-content\/uploads\/2023\/03\/cropped-cropped-LOGO-MEER-ROND-1-1.png\",\"contentUrl\":\"https:\/\/mieuxetreenre.fr\/wp-content\/uploads\/2023\/03\/cropped-cropped-LOGO-MEER-ROND-1-1.png\",\"width\":293,\"height\":290,\"caption\":\"Association Mieux \u00eatre en R\u00e9\"},\"image\":{\"@id\":\"https:\/\/mieuxetreenre.fr\/#\/schema\/logo\/image\/\"},\"sameAs\":[\"https:\/\/www.facebook.com\/Mieux.Etre.en.Re\"]}]}<\/script>\n<!-- \/ Yoast SEO plugin. -->","yoast_head_json":{"title":"Equi-coaching - Association Mieux \u00eatre en R\u00e9","description":"je vous propose des s\u00e9ances d'\u00e9quicoach \u00e0 Sainte Marie de R\u00e9, avec mes chevaux, j'allie aussi mes s\u00e9ances avec au pr\u00e9alable de l'astrologie","robots":{"index":"index","follow":"follow","max-snippet":"max-snippet:-1","max-image-preview":"max-image-preview:large","max-video-preview":"max-video-preview:-1"},"canonical":"https:\/\/mieuxetreenre.fr\/index.php\/equicoach\/","og_locale":"fr_FR","og_type":"article","og_title":"Equi-coaching - Association Mieux \u00eatre en R\u00e9","og_description":"je vous propose des s\u00e9ances d'\u00e9quicoach \u00e0 Sainte Marie de R\u00e9, avec mes chevaux, j'allie aussi mes s\u00e9ances avec au pr\u00e9alable de l'astrologie","og_url":"https:\/\/mieuxetreenre.fr\/index.php\/equicoach\/","og_site_name":"Association Mieux \u00eatre en R\u00e9","article_publisher":"https:\/\/www.facebook.com\/Mieux.Etre.en.Re","article_modified_time":"2024-09-17T16:56:55+00:00","og_image":[{"url":"https:\/\/mieuxetreenre.fr\/wp-content\/uploads\/2024\/08\/horses-3694084_1920-300x200.jpg","type":"","width":"","height":""}],"twitter_card":"summary_large_image","twitter_misc":{"Dur\u00e9e de lecture estim\u00e9e":"1 minute"},"schema":{"@context":"https:\/\/schema.org","@graph":[{"@type":"WebPage","@id":"https:\/\/mieuxetreenre.fr\/index.php\/equicoach\/","url":"https:\/\/mieuxetreenre.fr\/index.php\/equicoach\/","name":"Equi-coaching - Association Mieux \u00eatre en R\u00e9","isPartOf":{"@id":"https:\/\/mieuxetreenre.fr\/#website"},"primaryImageOfPage":{"@id":"https:\/\/mieuxetreenre.fr\/index.php\/equicoach\/#primaryimage"},"image":{"@id":"https:\/\/mieuxetreenre.fr\/index.php\/equicoach\/#primaryimage"},"thumbnailUrl":"https:\/\/mieuxetreenre.fr\/wp-content\/uploads\/2024\/08\/horses-3694084_1920-300x200.jpg","datePublished":"2024-08-15T10:55:30+00:00","dateModified":"2024-09-17T16:56:55+00:00","description":"je vous propose des s\u00e9ances d'\u00e9quicoach \u00e0 Sainte Marie de R\u00e9, avec mes chevaux, j'allie aussi mes s\u00e9ances avec au pr\u00e9alable de l'astrologie","breadcrumb":{"@id":"https:\/\/mieuxetreenre.fr\/index.php\/equicoach\/#breadcrumb"},"inLanguage":"fr-FR","potentialAction":[{"@type":"ReadAction","target":["https:\/\/mieuxetreenre.fr\/index.php\/equicoach\/"]}]},{"@type":"ImageObject","inLanguage":"fr-FR","@id":"https:\/\/mieuxetreenre.fr\/index.php\/equicoach\/#primaryimage","url":"https:\/\/mieuxetreenre.fr\/wp-content\/uploads\/2024\/08\/horses-3694084_1920.jpg","contentUrl":"https:\/\/mieuxetreenre.fr\/wp-content\/uploads\/2024\/08\/horses-3694084_1920.jpg","width":1920,"height":1280,"caption":"\u00e9quicaoch"},{"@type":"BreadcrumbList","@id":"https:\/\/mieuxetreenre.fr\/index.php\/equicoach\/#breadcrumb","itemListElement":[{"@type":"ListItem","position":1,"name":"Accueil","item":"https:\/\/mieuxetreenre.fr\/"},{"@type":"ListItem","position":2,"name":"Equi-coaching"}]},{"@type":"WebSite","@id":"https:\/\/mieuxetreenre.fr\/#website","url":"https:\/\/mieuxetreenre.fr\/","name":"Association Mieux \u00eatre en R\u00e9","description":"F\u00e9d\u00e9rateur de bonheur","publisher":{"@id":"https:\/\/mieuxetreenre.fr\/#organization"},"potentialAction":[{"@type":"SearchAction","target":{"@type":"EntryPoint","urlTemplate":"https:\/\/mieuxetreenre.fr\/?s={search_term_string}"},"query-input":{"@type":"PropertyValueSpecification","valueRequired":true,"valueName":"search_term_string"}}],"inLanguage":"fr-FR"},{"@type":"Organization","@id":"https:\/\/mieuxetreenre.fr\/#organization","name":"Association Mieux \u00eatre en R\u00e9","url":"https:\/\/mieuxetreenre.fr\/","logo":{"@type":"ImageObject","inLanguage":"fr-FR","@id":"https:\/\/mieuxetreenre.fr\/#\/schema\/logo\/image\/","url":"https:\/\/mieuxetreenre.fr\/wp-content\/uploads\/2023\/03\/cropped-cropped-LOGO-MEER-ROND-1-1.png","contentUrl":"https:\/\/mieuxetreenre.fr\/wp-content\/uploads\/2023\/03\/cropped-cropped-LOGO-MEER-ROND-1-1.png","width":293,"height":290,"caption":"Association Mieux \u00eatre en R\u00e9"},"image":{"@id":"https:\/\/mieuxetreenre.fr\/#\/schema\/logo\/image\/"},"sameAs":["https:\/\/www.facebook.com\/Mieux.Etre.en.Re"]}]}},"jetpack_sharing_enabled":true,"_links":{"self":[{"href":"https:\/\/mieuxetreenre.fr\/index.php\/wp-json\/wp\/v2\/pages\/848","targetHints":{"allow":["GET"]}}],"collection":[{"href":"https:\/\/mieuxetreenre.fr\/index.php\/wp-json\/wp\/v2\/pages"}],"about":[{"href":"https:\/\/mieuxetreenre.fr\/index.php\/wp-json\/wp\/v2\/types\/page"}],"author":[{"embeddable":true,"href":"https:\/\/mieuxetreenre.fr\/index.php\/wp-json\/wp\/v2\/users\/2"}],"replies":[{"embeddable":true,"href":"https:\/\/mieuxetreenre.fr\/index.php\/wp-json\/wp\/v2\/comments?post=848"}],"version-history":[{"count":19,"href":"https:\/\/mieuxetreenre.fr\/index.php\/wp-json\/wp\/v2\/pages\/848\/revisions"}],"predecessor-version":[{"id":1133,"href":"https:\/\/mieuxetreenre.fr\/index.php\/wp-json\/wp\/v2\/pages\/848\/revisions\/1133"}],"wp:attachment":[{"href":"https:\/\/mieuxetreenre.fr\/index.php\/wp-json\/wp\/v2\/media?parent=848"}],"curies":[{"name":"wp","href":"https:\/\/api.w.org\/{rel}","templated":true}]}}