{"id":833,"date":"2024-08-15T12:35:29","date_gmt":"2024-08-15T10:35:29","guid":{"rendered":"https:\/\/mieuxetreenre.fr\/?page_id=833"},"modified":"2024-09-07T09:46:39","modified_gmt":"2024-09-07T07:46:39","slug":"astrologie","status":"publish","type":"page","link":"https:\/\/mieuxetreenre.fr\/index.php\/astrologie\/","title":{"rendered":"Astrologie"},"content":{"rendered":"\t\t<div data-elementor-type=\"wp-page\" data-elementor-id=\"833\" class=\"elementor elementor-833\">\n\t\t\t\t\t\t<section class=\"elementor-section elementor-top-section elementor-element elementor-element-6b9faac elementor-section-boxed elementor-section-height-default elementor-section-height-default\" data-id=\"6b9faac\" data-element_type=\"section\">\n\t\t\t\t\t\t<div class=\"elementor-container elementor-column-gap-default\">\n\t\t\t\t\t<div class=\"elementor-column elementor-col-100 elementor-top-column elementor-element elementor-element-4e09393\" data-id=\"4e09393\" data-element_type=\"column\">\n\t\t\t<div class=\"elementor-widget-wrap elementor-element-populated\">\n\t\t\t\t\t\t<div class=\"elementor-element elementor-element-ae941c6 elementor-widget elementor-widget-heading\" data-id=\"ae941c6\" data-element_type=\"widget\" data-widget_type=\"heading.default\">\n\t\t\t\t<div class=\"elementor-widget-container\">\n\t\t\t\t\t<h2 class=\"elementor-heading-title elementor-size-default\">Astrologie<\/h2>\t\t\t\t<\/div>\n\t\t\t\t<\/div>\n\t\t\t\t\t<\/div>\n\t\t<\/div>\n\t\t\t\t\t<\/div>\n\t\t<\/section>\n\t\t\t\t<section class=\"elementor-section elementor-top-section elementor-element elementor-element-1f35394 elementor-section-boxed elementor-section-height-default elementor-section-height-default\" data-id=\"1f35394\" data-element_type=\"section\">\n\t\t\t\t\t\t<div class=\"elementor-container elementor-column-gap-default\">\n\t\t\t\t\t<div class=\"elementor-column elementor-col-100 elementor-top-column elementor-element elementor-element-bebda49\" data-id=\"bebda49\" data-element_type=\"column\">\n\t\t\t<div class=\"elementor-widget-wrap elementor-element-populated\">\n\t\t\t\t\t\t<div class=\"elementor-element elementor-element-ebfe8fc elementor-widget elementor-widget-text-editor\" data-id=\"ebfe8fc\" data-element_type=\"widget\" data-widget_type=\"text-editor.default\">\n\t\t\t\t<div class=\"elementor-widget-container\">\n\t\t\t\t\t\t\t\t\t<p><strong>Qu&rsquo;est ce l&rsquo;astrologie ?<\/strong><\/p>\n<p>L\u2019astrologie ou \u00e9tude du langage des astres et des signes permet de&nbsp; r\u00e9v\u00e9ler les \u00e9nergies pr\u00e9sentes dans un th\u00e8me natal. Il y a 12 signes et 10 plan\u00e8tes qui interagissent entre elles dans 12 secteurs appel\u00e9s les maisons o\u00f9 secteurs de vie. Les plan\u00e8tes n\u2019\u00e9voluent pas toutes \u00e0 la m\u00eame vitesse ce qui donne des configurations diff\u00e9rentes selon la date, l\u2019heure et le lieu de naissance (important pour le calcul de l\u2019ascendant).&nbsp; Lors d\u2019une consultation, nous analyserons ensemble : <\/p>\n<p>&#8211; l\u2019impact de tout ceci dans votre vie, en tenant compte de l\u2019\u00e9ducation que vous avez re\u00e7ue, le milieu social dans lequel vous avez \u00e9volu\u00e9 qui ont forc\u00e9ment stimul\u00e9 et\/ou bloqu\u00e9 certaines facettes de l\u2019\u00eatre unique que vous \u00eates, entra\u00eenant des peurs, des croyances et des limitations qui vous bloquent dans votre \u00e9volution. Nous pourrons \u00e9galement aborder pour ceux que cela int\u00e9resse les chemins de vie : social et karmique ainsi que l\u2019impact de la g\u00e9n\u00e9alogie.<\/p>\n<p>&#8211; Ensuite, nous \u00e9tudierons les moments pr\u00e9sents ou \u00e0 venir, propices au changement, qui demandent de la patience ou invitent \u00e0 une transformation, gr\u00e2ce \u00e0 l\u2019\u00e9tude des transits, \u00e0 savoir les plan\u00e8tes du moment en r\u00e9sonance avec votre carte du ciel de naissance.<\/p>\n<p>Cette consultation va vous permettre de mettre du sens \u00e0 ce que vous vivez et d\u2019agir pour d\u00e9bloquer ce qui vous freine afin de vous sentir plus libre et l\u00e9gitime.<\/p>\n<p>N\u2019oubliez pas ces paroles de Ptol\u00e9m\u00e9e : \u00ab\u00a0le sage r\u00e9git son \u00e9toile, l\u2019ignorant est r\u00e9gi par elle\u00a0\u00bb.<\/p>\t\t\t\t\t\t\t\t<\/div>\n\t\t\t\t<\/div>\n\t\t\t\t\t<\/div>\n\t\t<\/div>\n\t\t\t\t\t<\/div>\n\t\t<\/section>\n\t\t\t\t<section class=\"elementor-section elementor-top-section elementor-element elementor-element-4889cd6 elementor-section-boxed elementor-section-height-default elementor-section-height-default\" data-id=\"4889cd6\" data-element_type=\"section\">\n\t\t\t\t\t\t<div class=\"elementor-container elementor-column-gap-default\">\n\t\t\t\t\t<div class=\"elementor-column elementor-col-50 elementor-top-column elementor-element elementor-element-f6da1c1\" data-id=\"f6da1c1\" data-element_type=\"column\">\n\t\t\t<div class=\"elementor-widget-wrap elementor-element-populated\">\n\t\t\t\t\t\t<div class=\"elementor-element elementor-element-85976a7 elementor-widget elementor-widget-text-editor\" data-id=\"85976a7\" data-element_type=\"widget\" data-widget_type=\"text-editor.default\">\n\t\t\t\t<div class=\"elementor-widget-container\">\n\t\t\t\t\t\t\t\t\t<p><strong>Jo\u00eblle Franrenet<\/strong><\/p><p>T\u00e9l\u00e9phone : 06 10 63 13 61<\/p>\t\t\t\t\t\t\t\t<\/div>\n\t\t\t\t<\/div>\n\t\t\t\t\t<\/div>\n\t\t<\/div>\n\t\t\t\t<div class=\"elementor-column elementor-col-50 elementor-top-column elementor-element elementor-element-ac31caf\" data-id=\"ac31caf\" data-element_type=\"column\">\n\t\t\t<div class=\"elementor-widget-wrap elementor-element-populated\">\n\t\t\t\t\t\t<div class=\"elementor-element elementor-element-ebe25f6 elementor-widget elementor-widget-image\" data-id=\"ebe25f6\" data-element_type=\"widget\" data-widget_type=\"image.default\">\n\t\t\t\t<div class=\"elementor-widget-container\">\n\t\t\t\t\t\t\t\t\t\t\t\t\t\t\t<img fetchpriority=\"high\" decoding=\"async\" width=\"300\" height=\"300\" src=\"https:\/\/mieuxetreenre.fr\/wp-content\/uploads\/2024\/08\/zodiac-5921179_1920-300x300.png\" class=\"attachment-medium size-medium wp-image-836\" alt=\"Astrologie\" srcset=\"https:\/\/mieuxetreenre.fr\/wp-content\/uploads\/2024\/08\/zodiac-5921179_1920-300x300.png 300w, https:\/\/mieuxetreenre.fr\/wp-content\/uploads\/2024\/08\/zodiac-5921179_1920-1024x1024.png 1024w, https:\/\/mieuxetreenre.fr\/wp-content\/uploads\/2024\/08\/zodiac-5921179_1920-150x150.png 150w, https:\/\/mieuxetreenre.fr\/wp-content\/uploads\/2024\/08\/zodiac-5921179_1920-768x767.png 768w, https:\/\/mieuxetreenre.fr\/wp-content\/uploads\/2024\/08\/zodiac-5921179_1920-1536x1534.png 1536w, https:\/\/mieuxetreenre.fr\/wp-content\/uploads\/2024\/08\/zodiac-5921179_1920-1320x1319.png 1320w, https:\/\/mieuxetreenre.fr\/wp-content\/uploads\/2024\/08\/zodiac-5921179_1920.png 1920w\" sizes=\"(max-width: 300px) 100vw, 300px\" \/>\t\t\t\t\t\t\t\t\t\t\t\t\t\t\t<\/div>\n\t\t\t\t<\/div>\n\t\t\t\t\t<\/div>\n\t\t<\/div>\n\t\t\t\t\t<\/div>\n\t\t<\/section>\n\t\t\t\t<\/div>\n\t\t","protected":false},"excerpt":{"rendered":"<p>Astrologie Qu&rsquo;est ce l&rsquo;astrologie ? L\u2019astrologie ou \u00e9tude du langage des astres et des signes permet de&nbsp; r\u00e9v\u00e9ler les \u00e9nergies pr\u00e9sentes dans un th\u00e8me natal. Il y a 12 signes et 10 plan\u00e8tes qui interagissent entre elles dans 12 secteurs appel\u00e9s les maisons o\u00f9 secteurs de vie. Les plan\u00e8tes n\u2019\u00e9voluent pas toutes \u00e0 la m\u00eame [&hellip;]<\/p>\n","protected":false},"author":2,"featured_media":0,"parent":0,"menu_order":0,"comment_status":"closed","ping_status":"closed","template":"","meta":{"site-sidebar-layout":"no-sidebar","site-content-layout":"page-builder","ast-site-content-layout":"full-width-container","site-content-style":"unboxed","site-sidebar-style":"unboxed","ast-global-header-display":"","ast-banner-title-visibility":"","ast-main-header-display":"","ast-hfb-above-header-display":"","ast-hfb-below-header-display":"","ast-hfb-mobile-header-display":"","site-post-title":"disabled","ast-breadcrumbs-content":"","ast-featured-img":"disabled","footer-sml-layout":"","theme-transparent-header-meta":"","adv-header-id-meta":"","stick-header-meta":"","header-above-stick-meta":"","header-main-stick-meta":"","header-below-stick-meta":"","astra-migrate-meta-layouts":"set","ast-page-background-enabled":"default","ast-page-background-meta":{"desktop":{"background-color":"var(--ast-global-color-4)","background-image":"","background-repeat":"repeat","background-position":"center center","background-size":"auto","background-attachment":"scroll","background-type":"","background-media":"","overlay-type":"","overlay-color":"","overlay-opacity":"","overlay-gradient":""},"tablet":{"background-color":"","background-image":"","background-repeat":"repeat","background-position":"center center","background-size":"auto","background-attachment":"scroll","background-type":"","background-media":"","overlay-type":"","overlay-color":"","overlay-opacity":"","overlay-gradient":""},"mobile":{"background-color":"","background-image":"","background-repeat":"repeat","background-position":"center center","background-size":"auto","background-attachment":"scroll","background-type":"","background-media":"","overlay-type":"","overlay-color":"","overlay-opacity":"","overlay-gradient":""}},"ast-content-background-meta":{"desktop":{"background-color":"var(--ast-global-color-5)","background-image":"","background-repeat":"repeat","background-position":"center center","background-size":"auto","background-attachment":"scroll","background-type":"","background-media":"","overlay-type":"","overlay-color":"","overlay-opacity":"","overlay-gradient":""},"tablet":{"background-color":"var(--ast-global-color-5)","background-image":"","background-repeat":"repeat","background-position":"center center","background-size":"auto","background-attachment":"scroll","background-type":"","background-media":"","overlay-type":"","overlay-color":"","overlay-opacity":"","overlay-gradient":""},"mobile":{"background-color":"var(--ast-global-color-5)","background-image":"","background-repeat":"repeat","background-position":"center center","background-size":"auto","background-attachment":"scroll","background-type":"","background-media":"","overlay-type":"","overlay-color":"","overlay-opacity":"","overlay-gradient":""}},"footnotes":""},"class_list":["post-833","page","type-page","status-publish","hentry"],"yoast_head":"<!-- This site is optimized with the Yoast SEO plugin v25.8 - https:\/\/yoast.com\/wordpress\/plugins\/seo\/ -->\n<title>Astrologie - Association Mieux \u00eatre en R\u00e9<\/title>\n<meta name=\"description\" content=\"je vous propose des s\u00e9ances d&#039;Astrologie en d\u00e9veloppement personnel uniquement, \u00e0 Sainte Marie de R\u00e9, en cabinet ou en ligne\" \/>\n<meta name=\"robots\" content=\"index, follow, max-snippet:-1, max-image-preview:large, max-video-preview:-1\" \/>\n<link rel=\"canonical\" href=\"https:\/\/mieuxetreenre.fr\/index.php\/astrologie\/\" \/>\n<meta property=\"og:locale\" content=\"fr_FR\" \/>\n<meta property=\"og:type\" content=\"article\" \/>\n<meta property=\"og:title\" content=\"Astrologie - Association Mieux \u00eatre en R\u00e9\" \/>\n<meta property=\"og:description\" content=\"je vous propose des s\u00e9ances d&#039;Astrologie en d\u00e9veloppement personnel uniquement, \u00e0 Sainte Marie de R\u00e9, en cabinet ou en ligne\" \/>\n<meta property=\"og:url\" content=\"https:\/\/mieuxetreenre.fr\/index.php\/astrologie\/\" \/>\n<meta property=\"og:site_name\" content=\"Association Mieux \u00eatre en R\u00e9\" \/>\n<meta property=\"article:publisher\" content=\"https:\/\/www.facebook.com\/Mieux.Etre.en.Re\" \/>\n<meta property=\"article:modified_time\" content=\"2024-09-07T07:46:39+00:00\" \/>\n<meta property=\"og:image\" content=\"https:\/\/mieuxetreenre.fr\/wp-content\/uploads\/2024\/08\/zodiac-5921179_1920-300x300.png\" \/>\n<meta name=\"twitter:card\" content=\"summary_large_image\" \/>\n<meta name=\"twitter:label1\" content=\"Dur\u00e9e de lecture estim\u00e9e\" \/>\n\t<meta name=\"twitter:data1\" content=\"2 minutes\" \/>\n<script type=\"application\/ld+json\" class=\"yoast-schema-graph\">{\"@context\":\"https:\/\/schema.org\",\"@graph\":[{\"@type\":\"WebPage\",\"@id\":\"https:\/\/mieuxetreenre.fr\/index.php\/astrologie\/\",\"url\":\"https:\/\/mieuxetreenre.fr\/index.php\/astrologie\/\",\"name\":\"Astrologie - Association Mieux \u00eatre en R\u00e9\",\"isPartOf\":{\"@id\":\"https:\/\/mieuxetreenre.fr\/#website\"},\"primaryImageOfPage\":{\"@id\":\"https:\/\/mieuxetreenre.fr\/index.php\/astrologie\/#primaryimage\"},\"image\":{\"@id\":\"https:\/\/mieuxetreenre.fr\/index.php\/astrologie\/#primaryimage\"},\"thumbnailUrl\":\"https:\/\/mieuxetreenre.fr\/wp-content\/uploads\/2024\/08\/zodiac-5921179_1920-300x300.png\",\"datePublished\":\"2024-08-15T10:35:29+00:00\",\"dateModified\":\"2024-09-07T07:46:39+00:00\",\"description\":\"je vous propose des s\u00e9ances d'Astrologie en d\u00e9veloppement personnel uniquement, \u00e0 Sainte Marie de R\u00e9, en cabinet ou en ligne\",\"breadcrumb\":{\"@id\":\"https:\/\/mieuxetreenre.fr\/index.php\/astrologie\/#breadcrumb\"},\"inLanguage\":\"fr-FR\",\"potentialAction\":[{\"@type\":\"ReadAction\",\"target\":[\"https:\/\/mieuxetreenre.fr\/index.php\/astrologie\/\"]}]},{\"@type\":\"ImageObject\",\"inLanguage\":\"fr-FR\",\"@id\":\"https:\/\/mieuxetreenre.fr\/index.php\/astrologie\/#primaryimage\",\"url\":\"https:\/\/mieuxetreenre.fr\/wp-content\/uploads\/2024\/08\/zodiac-5921179_1920.png\",\"contentUrl\":\"https:\/\/mieuxetreenre.fr\/wp-content\/uploads\/2024\/08\/zodiac-5921179_1920.png\",\"width\":1920,\"height\":1918,\"caption\":\"Astrologie\"},{\"@type\":\"BreadcrumbList\",\"@id\":\"https:\/\/mieuxetreenre.fr\/index.php\/astrologie\/#breadcrumb\",\"itemListElement\":[{\"@type\":\"ListItem\",\"position\":1,\"name\":\"Accueil\",\"item\":\"https:\/\/mieuxetreenre.fr\/\"},{\"@type\":\"ListItem\",\"position\":2,\"name\":\"Astrologie\"}]},{\"@type\":\"WebSite\",\"@id\":\"https:\/\/mieuxetreenre.fr\/#website\",\"url\":\"https:\/\/mieuxetreenre.fr\/\",\"name\":\"Association Mieux \u00eatre en R\u00e9\",\"description\":\"F\u00e9d\u00e9rateur de bonheur\",\"publisher\":{\"@id\":\"https:\/\/mieuxetreenre.fr\/#organization\"},\"potentialAction\":[{\"@type\":\"SearchAction\",\"target\":{\"@type\":\"EntryPoint\",\"urlTemplate\":\"https:\/\/mieuxetreenre.fr\/?s={search_term_string}\"},\"query-input\":{\"@type\":\"PropertyValueSpecification\",\"valueRequired\":true,\"valueName\":\"search_term_string\"}}],\"inLanguage\":\"fr-FR\"},{\"@type\":\"Organization\",\"@id\":\"https:\/\/mieuxetreenre.fr\/#organization\",\"name\":\"Association Mieux \u00eatre en R\u00e9\",\"url\":\"https:\/\/mieuxetreenre.fr\/\",\"logo\":{\"@type\":\"ImageObject\",\"inLanguage\":\"fr-FR\",\"@id\":\"https:\/\/mieuxetreenre.fr\/#\/schema\/logo\/image\/\",\"url\":\"https:\/\/mieuxetreenre.fr\/wp-content\/uploads\/2023\/03\/cropped-cropped-LOGO-MEER-ROND-1-1.png\",\"contentUrl\":\"https:\/\/mieuxetreenre.fr\/wp-content\/uploads\/2023\/03\/cropped-cropped-LOGO-MEER-ROND-1-1.png\",\"width\":293,\"height\":290,\"caption\":\"Association Mieux \u00eatre en R\u00e9\"},\"image\":{\"@id\":\"https:\/\/mieuxetreenre.fr\/#\/schema\/logo\/image\/\"},\"sameAs\":[\"https:\/\/www.facebook.com\/Mieux.Etre.en.Re\"]}]}<\/script>\n<!-- \/ Yoast SEO plugin. -->","yoast_head_json":{"title":"Astrologie - Association Mieux \u00eatre en R\u00e9","description":"je vous propose des s\u00e9ances d'Astrologie en d\u00e9veloppement personnel uniquement, \u00e0 Sainte Marie de R\u00e9, en cabinet ou en ligne","robots":{"index":"index","follow":"follow","max-snippet":"max-snippet:-1","max-image-preview":"max-image-preview:large","max-video-preview":"max-video-preview:-1"},"canonical":"https:\/\/mieuxetreenre.fr\/index.php\/astrologie\/","og_locale":"fr_FR","og_type":"article","og_title":"Astrologie - Association Mieux \u00eatre en R\u00e9","og_description":"je vous propose des s\u00e9ances d'Astrologie en d\u00e9veloppement personnel uniquement, \u00e0 Sainte Marie de R\u00e9, en cabinet ou en ligne","og_url":"https:\/\/mieuxetreenre.fr\/index.php\/astrologie\/","og_site_name":"Association Mieux \u00eatre en R\u00e9","article_publisher":"https:\/\/www.facebook.com\/Mieux.Etre.en.Re","article_modified_time":"2024-09-07T07:46:39+00:00","og_image":[{"url":"https:\/\/mieuxetreenre.fr\/wp-content\/uploads\/2024\/08\/zodiac-5921179_1920-300x300.png","type":"","width":"","height":""}],"twitter_card":"summary_large_image","twitter_misc":{"Dur\u00e9e de lecture estim\u00e9e":"2 minutes"},"schema":{"@context":"https:\/\/schema.org","@graph":[{"@type":"WebPage","@id":"https:\/\/mieuxetreenre.fr\/index.php\/astrologie\/","url":"https:\/\/mieuxetreenre.fr\/index.php\/astrologie\/","name":"Astrologie - Association Mieux \u00eatre en R\u00e9","isPartOf":{"@id":"https:\/\/mieuxetreenre.fr\/#website"},"primaryImageOfPage":{"@id":"https:\/\/mieuxetreenre.fr\/index.php\/astrologie\/#primaryimage"},"image":{"@id":"https:\/\/mieuxetreenre.fr\/index.php\/astrologie\/#primaryimage"},"thumbnailUrl":"https:\/\/mieuxetreenre.fr\/wp-content\/uploads\/2024\/08\/zodiac-5921179_1920-300x300.png","datePublished":"2024-08-15T10:35:29+00:00","dateModified":"2024-09-07T07:46:39+00:00","description":"je vous propose des s\u00e9ances d'Astrologie en d\u00e9veloppement personnel uniquement, \u00e0 Sainte Marie de R\u00e9, en cabinet ou en ligne","breadcrumb":{"@id":"https:\/\/mieuxetreenre.fr\/index.php\/astrologie\/#breadcrumb"},"inLanguage":"fr-FR","potentialAction":[{"@type":"ReadAction","target":["https:\/\/mieuxetreenre.fr\/index.php\/astrologie\/"]}]},{"@type":"ImageObject","inLanguage":"fr-FR","@id":"https:\/\/mieuxetreenre.fr\/index.php\/astrologie\/#primaryimage","url":"https:\/\/mieuxetreenre.fr\/wp-content\/uploads\/2024\/08\/zodiac-5921179_1920.png","contentUrl":"https:\/\/mieuxetreenre.fr\/wp-content\/uploads\/2024\/08\/zodiac-5921179_1920.png","width":1920,"height":1918,"caption":"Astrologie"},{"@type":"BreadcrumbList","@id":"https:\/\/mieuxetreenre.fr\/index.php\/astrologie\/#breadcrumb","itemListElement":[{"@type":"ListItem","position":1,"name":"Accueil","item":"https:\/\/mieuxetreenre.fr\/"},{"@type":"ListItem","position":2,"name":"Astrologie"}]},{"@type":"WebSite","@id":"https:\/\/mieuxetreenre.fr\/#website","url":"https:\/\/mieuxetreenre.fr\/","name":"Association Mieux \u00eatre en R\u00e9","description":"F\u00e9d\u00e9rateur de bonheur","publisher":{"@id":"https:\/\/mieuxetreenre.fr\/#organization"},"potentialAction":[{"@type":"SearchAction","target":{"@type":"EntryPoint","urlTemplate":"https:\/\/mieuxetreenre.fr\/?s={search_term_string}"},"query-input":{"@type":"PropertyValueSpecification","valueRequired":true,"valueName":"search_term_string"}}],"inLanguage":"fr-FR"},{"@type":"Organization","@id":"https:\/\/mieuxetreenre.fr\/#organization","name":"Association Mieux \u00eatre en R\u00e9","url":"https:\/\/mieuxetreenre.fr\/","logo":{"@type":"ImageObject","inLanguage":"fr-FR","@id":"https:\/\/mieuxetreenre.fr\/#\/schema\/logo\/image\/","url":"https:\/\/mieuxetreenre.fr\/wp-content\/uploads\/2023\/03\/cropped-cropped-LOGO-MEER-ROND-1-1.png","contentUrl":"https:\/\/mieuxetreenre.fr\/wp-content\/uploads\/2023\/03\/cropped-cropped-LOGO-MEER-ROND-1-1.png","width":293,"height":290,"caption":"Association Mieux \u00eatre en R\u00e9"},"image":{"@id":"https:\/\/mieuxetreenre.fr\/#\/schema\/logo\/image\/"},"sameAs":["https:\/\/www.facebook.com\/Mieux.Etre.en.Re"]}]}},"jetpack_sharing_enabled":true,"_links":{"self":[{"href":"https:\/\/mieuxetreenre.fr\/index.php\/wp-json\/wp\/v2\/pages\/833","targetHints":{"allow":["GET"]}}],"collection":[{"href":"https:\/\/mieuxetreenre.fr\/index.php\/wp-json\/wp\/v2\/pages"}],"about":[{"href":"https:\/\/mieuxetreenre.fr\/index.php\/wp-json\/wp\/v2\/types\/page"}],"author":[{"embeddable":true,"href":"https:\/\/mieuxetreenre.fr\/index.php\/wp-json\/wp\/v2\/users\/2"}],"replies":[{"embeddable":true,"href":"https:\/\/mieuxetreenre.fr\/index.php\/wp-json\/wp\/v2\/comments?post=833"}],"version-history":[{"count":11,"href":"https:\/\/mieuxetreenre.fr\/index.php\/wp-json\/wp\/v2\/pages\/833\/revisions"}],"predecessor-version":[{"id":1035,"href":"https:\/\/mieuxetreenre.fr\/index.php\/wp-json\/wp\/v2\/pages\/833\/revisions\/1035"}],"wp:attachment":[{"href":"https:\/\/mieuxetreenre.fr\/index.php\/wp-json\/wp\/v2\/media?parent=833"}],"curies":[{"name":"wp","href":"https:\/\/api.w.org\/{rel}","templated":true}]}}