{"id":806,"date":"2024-08-15T12:20:56","date_gmt":"2024-08-15T10:20:56","guid":{"rendered":"https:\/\/mieuxetreenre.fr\/?page_id=806"},"modified":"2024-08-15T12:22:47","modified_gmt":"2024-08-15T10:22:47","slug":"access-bars","status":"publish","type":"page","link":"https:\/\/mieuxetreenre.fr\/index.php\/access-bars\/","title":{"rendered":"Access Bars\u00ae"},"content":{"rendered":"\t\t<div data-elementor-type=\"wp-page\" data-elementor-id=\"806\" class=\"elementor elementor-806\">\n\t\t\t\t\t\t<section class=\"elementor-section elementor-top-section elementor-element elementor-element-8872763 elementor-section-boxed elementor-section-height-default elementor-section-height-default\" data-id=\"8872763\" data-element_type=\"section\">\n\t\t\t\t\t\t<div class=\"elementor-container elementor-column-gap-default\">\n\t\t\t\t\t<div class=\"elementor-column elementor-col-100 elementor-top-column elementor-element elementor-element-802c2ef\" data-id=\"802c2ef\" data-element_type=\"column\">\n\t\t\t<div class=\"elementor-widget-wrap elementor-element-populated\">\n\t\t\t\t\t\t<div class=\"elementor-element elementor-element-c8cb3b2 elementor-widget elementor-widget-heading\" data-id=\"c8cb3b2\" data-element_type=\"widget\" data-widget_type=\"heading.default\">\n\t\t\t\t<div class=\"elementor-widget-container\">\n\t\t\t\t\t<h2 class=\"elementor-heading-title elementor-size-default\">Access Bars\u00ae<\/h2>\t\t\t\t<\/div>\n\t\t\t\t<\/div>\n\t\t\t\t\t<\/div>\n\t\t<\/div>\n\t\t\t\t\t<\/div>\n\t\t<\/section>\n\t\t\t\t<section class=\"elementor-section elementor-top-section elementor-element elementor-element-ff039be elementor-section-boxed elementor-section-height-default elementor-section-height-default\" data-id=\"ff039be\" data-element_type=\"section\">\n\t\t\t\t\t\t<div class=\"elementor-container elementor-column-gap-default\">\n\t\t\t\t\t<div class=\"elementor-column elementor-col-100 elementor-top-column elementor-element elementor-element-ea3f402\" data-id=\"ea3f402\" data-element_type=\"column\">\n\t\t\t<div class=\"elementor-widget-wrap elementor-element-populated\">\n\t\t\t\t\t\t<div class=\"elementor-element elementor-element-4c1c692 elementor-widget elementor-widget-text-editor\" data-id=\"4c1c692\" data-element_type=\"widget\" data-widget_type=\"text-editor.default\">\n\t\t\t\t<div class=\"elementor-widget-container\">\n\t\t\t\t\t\t\t\t\t<p><strong>Qu&rsquo;est ce Access Bars\u00ae ?<\/strong><\/p><p>Les Access Bars\u00ae sont une pratique de bien-\u00eatre et de relaxation qui consiste \u00e0 stimuler 32 points sp\u00e9cifiques sur la t\u00eate, chacun correspondant \u00e0 diff\u00e9rents aspects de la vie tels que la sant\u00e9, l&rsquo;argent, la cr\u00e9ativit\u00e9, la joie, etc.<\/p><p>Lors d&rsquo;une s\u00e9ance de Bars, un praticien touche l\u00e9g\u00e8rement ces points pour lib\u00e9rer la charge \u00e9lectromagn\u00e9tique des pens\u00e9es, sentiments et \u00e9motions stock\u00e9es dans le cerveau, permettant ainsi \u00e0 la personne de se lib\u00e9rer du stress, des blocages et des sch\u00e9mas de pens\u00e9e limitants.<\/p><p>Cette technique peut favoriser la relaxation profonde, la clart\u00e9 mentale et le bien-\u00eatre g\u00e9n\u00e9ral.<\/p>\t\t\t\t\t\t\t\t<\/div>\n\t\t\t\t<\/div>\n\t\t\t\t\t<\/div>\n\t\t<\/div>\n\t\t\t\t\t<\/div>\n\t\t<\/section>\n\t\t\t\t<section class=\"elementor-section elementor-top-section elementor-element elementor-element-92993f2 elementor-section-boxed elementor-section-height-default elementor-section-height-default\" data-id=\"92993f2\" data-element_type=\"section\">\n\t\t\t\t\t\t<div class=\"elementor-container elementor-column-gap-default\">\n\t\t\t\t\t<div class=\"elementor-column elementor-col-50 elementor-top-column elementor-element elementor-element-50b07d3\" data-id=\"50b07d3\" data-element_type=\"column\">\n\t\t\t<div class=\"elementor-widget-wrap elementor-element-populated\">\n\t\t\t\t\t\t<div class=\"elementor-element elementor-element-14859ba elementor-widget elementor-widget-text-editor\" data-id=\"14859ba\" data-element_type=\"widget\" data-widget_type=\"text-editor.default\">\n\t\t\t\t<div class=\"elementor-widget-container\">\n\t\t\t\t\t\t\t\t\t<p><strong>Nicolas Chauvet<\/strong><\/p><p>T\u00e9l\u00e9phone : 06 79 94 84 46<\/p><p>site :\u00a0<a href=\"https:\/\/tout-naturellement.eu\/\">https:\/\/tout-naturellement.eu\/<\/a><\/p>\t\t\t\t\t\t\t\t<\/div>\n\t\t\t\t<\/div>\n\t\t\t\t<div class=\"elementor-element elementor-element-fb5f7c7 elementor-widget elementor-widget-text-editor\" data-id=\"fb5f7c7\" data-element_type=\"widget\" data-widget_type=\"text-editor.default\">\n\t\t\t\t<div class=\"elementor-widget-container\">\n\t\t\t\t\t\t\t\t\t<p><strong>Isabelle Cailleteau<\/strong><\/p><p>T\u00e9l\u00e9phone : 06 73 31 61 42<\/p><p>\u00a0<\/p>\t\t\t\t\t\t\t\t<\/div>\n\t\t\t\t<\/div>\n\t\t\t\t\t<\/div>\n\t\t<\/div>\n\t\t\t\t<div class=\"elementor-column elementor-col-50 elementor-top-column elementor-element elementor-element-3b10fab\" data-id=\"3b10fab\" data-element_type=\"column\">\n\t\t\t<div class=\"elementor-widget-wrap elementor-element-populated\">\n\t\t\t\t\t\t<div class=\"elementor-element elementor-element-31fe447 elementor-widget elementor-widget-image\" data-id=\"31fe447\" data-element_type=\"widget\" data-widget_type=\"image.default\">\n\t\t\t\t<div class=\"elementor-widget-container\">\n\t\t\t\t\t\t\t\t\t\t\t\t\t\t\t<img fetchpriority=\"high\" decoding=\"async\" width=\"1024\" height=\"653\" src=\"https:\/\/mieuxetreenre.fr\/wp-content\/uploads\/2024\/08\/type-carte-visite-1024x653.jpg\" class=\"attachment-large size-large wp-image-808\" alt=\"Access Bars\u00ae\" srcset=\"https:\/\/mieuxetreenre.fr\/wp-content\/uploads\/2024\/08\/type-carte-visite-1024x653.jpg 1024w, https:\/\/mieuxetreenre.fr\/wp-content\/uploads\/2024\/08\/type-carte-visite-300x191.jpg 300w, https:\/\/mieuxetreenre.fr\/wp-content\/uploads\/2024\/08\/type-carte-visite-768x490.jpg 768w, https:\/\/mieuxetreenre.fr\/wp-content\/uploads\/2024\/08\/type-carte-visite-1320x842.jpg 1320w, https:\/\/mieuxetreenre.fr\/wp-content\/uploads\/2024\/08\/type-carte-visite.jpg 1500w\" sizes=\"(max-width: 1024px) 100vw, 1024px\" \/>\t\t\t\t\t\t\t\t\t\t\t\t\t\t\t<\/div>\n\t\t\t\t<\/div>\n\t\t\t\t\t<\/div>\n\t\t<\/div>\n\t\t\t\t\t<\/div>\n\t\t<\/section>\n\t\t\t\t<\/div>\n\t\t","protected":false},"excerpt":{"rendered":"<p>Access Bars\u00ae Qu&rsquo;est ce Access Bars\u00ae ? Les Access Bars\u00ae sont une pratique de bien-\u00eatre et de relaxation qui consiste \u00e0 stimuler 32 points sp\u00e9cifiques sur la t\u00eate, chacun correspondant \u00e0 diff\u00e9rents aspects de la vie tels que la sant\u00e9, l&rsquo;argent, la cr\u00e9ativit\u00e9, la joie, etc. Lors d&rsquo;une s\u00e9ance de Bars, un praticien touche l\u00e9g\u00e8rement [&hellip;]<\/p>\n","protected":false},"author":2,"featured_media":0,"parent":0,"menu_order":0,"comment_status":"closed","ping_status":"closed","template":"","meta":{"site-sidebar-layout":"no-sidebar","site-content-layout":"page-builder","ast-site-content-layout":"full-width-container","site-content-style":"default","site-sidebar-style":"default","ast-global-header-display":"","ast-banner-title-visibility":"","ast-main-header-display":"","ast-hfb-above-header-display":"","ast-hfb-below-header-display":"","ast-hfb-mobile-header-display":"","site-post-title":"disabled","ast-breadcrumbs-content":"","ast-featured-img":"disabled","footer-sml-layout":"","theme-transparent-header-meta":"","adv-header-id-meta":"","stick-header-meta":"","header-above-stick-meta":"","header-main-stick-meta":"","header-below-stick-meta":"","astra-migrate-meta-layouts":"set","ast-page-background-enabled":"default","ast-page-background-meta":{"desktop":{"background-color":"var(--ast-global-color-4)","background-image":"","background-repeat":"repeat","background-position":"center center","background-size":"auto","background-attachment":"scroll","background-type":"","background-media":"","overlay-type":"","overlay-color":"","overlay-opacity":"","overlay-gradient":""},"tablet":{"background-color":"","background-image":"","background-repeat":"repeat","background-position":"center center","background-size":"auto","background-attachment":"scroll","background-type":"","background-media":"","overlay-type":"","overlay-color":"","overlay-opacity":"","overlay-gradient":""},"mobile":{"background-color":"","background-image":"","background-repeat":"repeat","background-position":"center center","background-size":"auto","background-attachment":"scroll","background-type":"","background-media":"","overlay-type":"","overlay-color":"","overlay-opacity":"","overlay-gradient":""}},"ast-content-background-meta":{"desktop":{"background-color":"var(--ast-global-color-5)","background-image":"","background-repeat":"repeat","background-position":"center center","background-size":"auto","background-attachment":"scroll","background-type":"","background-media":"","overlay-type":"","overlay-color":"","overlay-opacity":"","overlay-gradient":""},"tablet":{"background-color":"var(--ast-global-color-5)","background-image":"","background-repeat":"repeat","background-position":"center center","background-size":"auto","background-attachment":"scroll","background-type":"","background-media":"","overlay-type":"","overlay-color":"","overlay-opacity":"","overlay-gradient":""},"mobile":{"background-color":"var(--ast-global-color-5)","background-image":"","background-repeat":"repeat","background-position":"center center","background-size":"auto","background-attachment":"scroll","background-type":"","background-media":"","overlay-type":"","overlay-color":"","overlay-opacity":"","overlay-gradient":""}},"footnotes":""},"class_list":["post-806","page","type-page","status-publish","hentry"],"yoast_head":"<!-- This site is optimized with the Yoast SEO plugin v25.8 - https:\/\/yoast.com\/wordpress\/plugins\/seo\/ -->\n<title>Access Bars\u00ae - Association Mieux \u00eatre en R\u00e9<\/title>\n<meta name=\"description\" content=\"Access Bars\u00ae technique \u00e9nerg\u00e9tique par toucher de 32 points sur la t\u00eate, membre de l&#039;association Mieux \u00catre en R\u00e9\" \/>\n<meta name=\"robots\" content=\"index, follow, max-snippet:-1, max-image-preview:large, max-video-preview:-1\" \/>\n<link rel=\"canonical\" href=\"https:\/\/mieuxetreenre.fr\/index.php\/access-bars\/\" \/>\n<meta property=\"og:locale\" content=\"fr_FR\" \/>\n<meta property=\"og:type\" content=\"article\" \/>\n<meta property=\"og:title\" content=\"Access Bars\u00ae - Association Mieux \u00eatre en R\u00e9\" \/>\n<meta property=\"og:description\" content=\"Access Bars\u00ae technique \u00e9nerg\u00e9tique par toucher de 32 points sur la t\u00eate, membre de l&#039;association Mieux \u00catre en R\u00e9\" \/>\n<meta property=\"og:url\" content=\"https:\/\/mieuxetreenre.fr\/index.php\/access-bars\/\" \/>\n<meta property=\"og:site_name\" content=\"Association Mieux \u00eatre en R\u00e9\" \/>\n<meta property=\"article:publisher\" content=\"https:\/\/www.facebook.com\/Mieux.Etre.en.Re\" \/>\n<meta property=\"article:modified_time\" content=\"2024-08-15T10:22:47+00:00\" \/>\n<meta property=\"og:image\" content=\"https:\/\/mieuxetreenre.fr\/wp-content\/uploads\/2024\/08\/type-carte-visite-1024x653.jpg\" \/>\n<meta name=\"twitter:card\" content=\"summary_large_image\" \/>\n<meta name=\"twitter:label1\" content=\"Dur\u00e9e de lecture estim\u00e9e\" \/>\n\t<meta name=\"twitter:data1\" content=\"1 minute\" \/>\n<script type=\"application\/ld+json\" class=\"yoast-schema-graph\">{\"@context\":\"https:\/\/schema.org\",\"@graph\":[{\"@type\":\"WebPage\",\"@id\":\"https:\/\/mieuxetreenre.fr\/index.php\/access-bars\/\",\"url\":\"https:\/\/mieuxetreenre.fr\/index.php\/access-bars\/\",\"name\":\"Access Bars\u00ae - Association Mieux \u00eatre en R\u00e9\",\"isPartOf\":{\"@id\":\"https:\/\/mieuxetreenre.fr\/#website\"},\"primaryImageOfPage\":{\"@id\":\"https:\/\/mieuxetreenre.fr\/index.php\/access-bars\/#primaryimage\"},\"image\":{\"@id\":\"https:\/\/mieuxetreenre.fr\/index.php\/access-bars\/#primaryimage\"},\"thumbnailUrl\":\"https:\/\/mieuxetreenre.fr\/wp-content\/uploads\/2024\/08\/type-carte-visite-1024x653.jpg\",\"datePublished\":\"2024-08-15T10:20:56+00:00\",\"dateModified\":\"2024-08-15T10:22:47+00:00\",\"description\":\"Access Bars\u00ae technique \u00e9nerg\u00e9tique par toucher de 32 points sur la t\u00eate, membre de l'association Mieux \u00catre en R\u00e9\",\"breadcrumb\":{\"@id\":\"https:\/\/mieuxetreenre.fr\/index.php\/access-bars\/#breadcrumb\"},\"inLanguage\":\"fr-FR\",\"potentialAction\":[{\"@type\":\"ReadAction\",\"target\":[\"https:\/\/mieuxetreenre.fr\/index.php\/access-bars\/\"]}]},{\"@type\":\"ImageObject\",\"inLanguage\":\"fr-FR\",\"@id\":\"https:\/\/mieuxetreenre.fr\/index.php\/access-bars\/#primaryimage\",\"url\":\"https:\/\/mieuxetreenre.fr\/wp-content\/uploads\/2024\/08\/type-carte-visite.jpg\",\"contentUrl\":\"https:\/\/mieuxetreenre.fr\/wp-content\/uploads\/2024\/08\/type-carte-visite.jpg\",\"width\":1500,\"height\":957,\"caption\":\"Access Bars\u00ae\"},{\"@type\":\"BreadcrumbList\",\"@id\":\"https:\/\/mieuxetreenre.fr\/index.php\/access-bars\/#breadcrumb\",\"itemListElement\":[{\"@type\":\"ListItem\",\"position\":1,\"name\":\"Accueil\",\"item\":\"https:\/\/mieuxetreenre.fr\/\"},{\"@type\":\"ListItem\",\"position\":2,\"name\":\"Access Bars\u00ae\"}]},{\"@type\":\"WebSite\",\"@id\":\"https:\/\/mieuxetreenre.fr\/#website\",\"url\":\"https:\/\/mieuxetreenre.fr\/\",\"name\":\"Association Mieux \u00eatre en R\u00e9\",\"description\":\"F\u00e9d\u00e9rateur de bonheur\",\"publisher\":{\"@id\":\"https:\/\/mieuxetreenre.fr\/#organization\"},\"potentialAction\":[{\"@type\":\"SearchAction\",\"target\":{\"@type\":\"EntryPoint\",\"urlTemplate\":\"https:\/\/mieuxetreenre.fr\/?s={search_term_string}\"},\"query-input\":{\"@type\":\"PropertyValueSpecification\",\"valueRequired\":true,\"valueName\":\"search_term_string\"}}],\"inLanguage\":\"fr-FR\"},{\"@type\":\"Organization\",\"@id\":\"https:\/\/mieuxetreenre.fr\/#organization\",\"name\":\"Association Mieux \u00eatre en R\u00e9\",\"url\":\"https:\/\/mieuxetreenre.fr\/\",\"logo\":{\"@type\":\"ImageObject\",\"inLanguage\":\"fr-FR\",\"@id\":\"https:\/\/mieuxetreenre.fr\/#\/schema\/logo\/image\/\",\"url\":\"https:\/\/mieuxetreenre.fr\/wp-content\/uploads\/2023\/03\/cropped-cropped-LOGO-MEER-ROND-1-1.png\",\"contentUrl\":\"https:\/\/mieuxetreenre.fr\/wp-content\/uploads\/2023\/03\/cropped-cropped-LOGO-MEER-ROND-1-1.png\",\"width\":293,\"height\":290,\"caption\":\"Association Mieux \u00eatre en R\u00e9\"},\"image\":{\"@id\":\"https:\/\/mieuxetreenre.fr\/#\/schema\/logo\/image\/\"},\"sameAs\":[\"https:\/\/www.facebook.com\/Mieux.Etre.en.Re\"]}]}<\/script>\n<!-- \/ Yoast SEO plugin. -->","yoast_head_json":{"title":"Access Bars\u00ae - Association Mieux \u00eatre en R\u00e9","description":"Access Bars\u00ae technique \u00e9nerg\u00e9tique par toucher de 32 points sur la t\u00eate, membre de l'association Mieux \u00catre en R\u00e9","robots":{"index":"index","follow":"follow","max-snippet":"max-snippet:-1","max-image-preview":"max-image-preview:large","max-video-preview":"max-video-preview:-1"},"canonical":"https:\/\/mieuxetreenre.fr\/index.php\/access-bars\/","og_locale":"fr_FR","og_type":"article","og_title":"Access Bars\u00ae - Association Mieux \u00eatre en R\u00e9","og_description":"Access Bars\u00ae technique \u00e9nerg\u00e9tique par toucher de 32 points sur la t\u00eate, membre de l'association Mieux \u00catre en R\u00e9","og_url":"https:\/\/mieuxetreenre.fr\/index.php\/access-bars\/","og_site_name":"Association Mieux \u00eatre en R\u00e9","article_publisher":"https:\/\/www.facebook.com\/Mieux.Etre.en.Re","article_modified_time":"2024-08-15T10:22:47+00:00","og_image":[{"url":"https:\/\/mieuxetreenre.fr\/wp-content\/uploads\/2024\/08\/type-carte-visite-1024x653.jpg","type":"","width":"","height":""}],"twitter_card":"summary_large_image","twitter_misc":{"Dur\u00e9e de lecture estim\u00e9e":"1 minute"},"schema":{"@context":"https:\/\/schema.org","@graph":[{"@type":"WebPage","@id":"https:\/\/mieuxetreenre.fr\/index.php\/access-bars\/","url":"https:\/\/mieuxetreenre.fr\/index.php\/access-bars\/","name":"Access Bars\u00ae - Association Mieux \u00eatre en R\u00e9","isPartOf":{"@id":"https:\/\/mieuxetreenre.fr\/#website"},"primaryImageOfPage":{"@id":"https:\/\/mieuxetreenre.fr\/index.php\/access-bars\/#primaryimage"},"image":{"@id":"https:\/\/mieuxetreenre.fr\/index.php\/access-bars\/#primaryimage"},"thumbnailUrl":"https:\/\/mieuxetreenre.fr\/wp-content\/uploads\/2024\/08\/type-carte-visite-1024x653.jpg","datePublished":"2024-08-15T10:20:56+00:00","dateModified":"2024-08-15T10:22:47+00:00","description":"Access Bars\u00ae technique \u00e9nerg\u00e9tique par toucher de 32 points sur la t\u00eate, membre de l'association Mieux \u00catre en R\u00e9","breadcrumb":{"@id":"https:\/\/mieuxetreenre.fr\/index.php\/access-bars\/#breadcrumb"},"inLanguage":"fr-FR","potentialAction":[{"@type":"ReadAction","target":["https:\/\/mieuxetreenre.fr\/index.php\/access-bars\/"]}]},{"@type":"ImageObject","inLanguage":"fr-FR","@id":"https:\/\/mieuxetreenre.fr\/index.php\/access-bars\/#primaryimage","url":"https:\/\/mieuxetreenre.fr\/wp-content\/uploads\/2024\/08\/type-carte-visite.jpg","contentUrl":"https:\/\/mieuxetreenre.fr\/wp-content\/uploads\/2024\/08\/type-carte-visite.jpg","width":1500,"height":957,"caption":"Access Bars\u00ae"},{"@type":"BreadcrumbList","@id":"https:\/\/mieuxetreenre.fr\/index.php\/access-bars\/#breadcrumb","itemListElement":[{"@type":"ListItem","position":1,"name":"Accueil","item":"https:\/\/mieuxetreenre.fr\/"},{"@type":"ListItem","position":2,"name":"Access Bars\u00ae"}]},{"@type":"WebSite","@id":"https:\/\/mieuxetreenre.fr\/#website","url":"https:\/\/mieuxetreenre.fr\/","name":"Association Mieux \u00eatre en R\u00e9","description":"F\u00e9d\u00e9rateur de bonheur","publisher":{"@id":"https:\/\/mieuxetreenre.fr\/#organization"},"potentialAction":[{"@type":"SearchAction","target":{"@type":"EntryPoint","urlTemplate":"https:\/\/mieuxetreenre.fr\/?s={search_term_string}"},"query-input":{"@type":"PropertyValueSpecification","valueRequired":true,"valueName":"search_term_string"}}],"inLanguage":"fr-FR"},{"@type":"Organization","@id":"https:\/\/mieuxetreenre.fr\/#organization","name":"Association Mieux \u00eatre en R\u00e9","url":"https:\/\/mieuxetreenre.fr\/","logo":{"@type":"ImageObject","inLanguage":"fr-FR","@id":"https:\/\/mieuxetreenre.fr\/#\/schema\/logo\/image\/","url":"https:\/\/mieuxetreenre.fr\/wp-content\/uploads\/2023\/03\/cropped-cropped-LOGO-MEER-ROND-1-1.png","contentUrl":"https:\/\/mieuxetreenre.fr\/wp-content\/uploads\/2023\/03\/cropped-cropped-LOGO-MEER-ROND-1-1.png","width":293,"height":290,"caption":"Association Mieux \u00eatre en R\u00e9"},"image":{"@id":"https:\/\/mieuxetreenre.fr\/#\/schema\/logo\/image\/"},"sameAs":["https:\/\/www.facebook.com\/Mieux.Etre.en.Re"]}]}},"jetpack_sharing_enabled":true,"_links":{"self":[{"href":"https:\/\/mieuxetreenre.fr\/index.php\/wp-json\/wp\/v2\/pages\/806","targetHints":{"allow":["GET"]}}],"collection":[{"href":"https:\/\/mieuxetreenre.fr\/index.php\/wp-json\/wp\/v2\/pages"}],"about":[{"href":"https:\/\/mieuxetreenre.fr\/index.php\/wp-json\/wp\/v2\/types\/page"}],"author":[{"embeddable":true,"href":"https:\/\/mieuxetreenre.fr\/index.php\/wp-json\/wp\/v2\/users\/2"}],"replies":[{"embeddable":true,"href":"https:\/\/mieuxetreenre.fr\/index.php\/wp-json\/wp\/v2\/comments?post=806"}],"version-history":[{"count":19,"href":"https:\/\/mieuxetreenre.fr\/index.php\/wp-json\/wp\/v2\/pages\/806\/revisions"}],"predecessor-version":[{"id":829,"href":"https:\/\/mieuxetreenre.fr\/index.php\/wp-json\/wp\/v2\/pages\/806\/revisions\/829"}],"wp:attachment":[{"href":"https:\/\/mieuxetreenre.fr\/index.php\/wp-json\/wp\/v2\/media?parent=806"}],"curies":[{"name":"wp","href":"https:\/\/api.w.org\/{rel}","templated":true}]}}