{"id":627,"date":"2024-03-15T19:40:43","date_gmt":"2024-03-15T18:40:43","guid":{"rendered":"https:\/\/mieuxetreenre.fr\/?page_id=627"},"modified":"2024-03-17T17:52:49","modified_gmt":"2024-03-17T16:52:49","slug":"la-geobiologie-geobiologue-ile-de-re-mieux-etre-en-re","status":"publish","type":"page","link":"https:\/\/mieuxetreenre.fr\/index.php\/la-geobiologie-geobiologue-ile-de-re-mieux-etre-en-re\/","title":{"rendered":"La G\u00e9obiologie"},"content":{"rendered":"\t\t<div data-elementor-type=\"wp-page\" data-elementor-id=\"627\" class=\"elementor elementor-627\">\n\t\t\t\t\t\t<section class=\"elementor-section elementor-top-section elementor-element elementor-element-0e59ad2 elementor-section-boxed elementor-section-height-default elementor-section-height-default\" data-id=\"0e59ad2\" data-element_type=\"section\">\n\t\t\t\t\t\t<div class=\"elementor-container elementor-column-gap-default\">\n\t\t\t\t\t<div class=\"elementor-column elementor-col-100 elementor-top-column elementor-element elementor-element-d7886ff\" data-id=\"d7886ff\" data-element_type=\"column\">\n\t\t\t<div class=\"elementor-widget-wrap elementor-element-populated\">\n\t\t\t\t\t\t<div class=\"elementor-element elementor-element-16b2a7a elementor-widget elementor-widget-heading\" data-id=\"16b2a7a\" data-element_type=\"widget\" data-widget_type=\"heading.default\">\n\t\t\t\t<div class=\"elementor-widget-container\">\n\t\t\t\t\t<h2 class=\"elementor-heading-title elementor-size-default\">La G\u00e9obiologie<\/h2>\t\t\t\t<\/div>\n\t\t\t\t<\/div>\n\t\t\t\t\t<\/div>\n\t\t<\/div>\n\t\t\t\t\t<\/div>\n\t\t<\/section>\n\t\t\t\t<section class=\"elementor-section elementor-top-section elementor-element elementor-element-2753534 elementor-section-boxed elementor-section-height-default elementor-section-height-default\" data-id=\"2753534\" data-element_type=\"section\">\n\t\t\t\t\t\t<div class=\"elementor-container elementor-column-gap-default\">\n\t\t\t\t\t<div class=\"elementor-column elementor-col-100 elementor-top-column elementor-element elementor-element-4f4e722\" data-id=\"4f4e722\" data-element_type=\"column\">\n\t\t\t<div class=\"elementor-widget-wrap elementor-element-populated\">\n\t\t\t\t\t\t<div class=\"elementor-element elementor-element-c71b633 elementor-widget elementor-widget-text-editor\" data-id=\"c71b633\" data-element_type=\"widget\" data-widget_type=\"text-editor.default\">\n\t\t\t\t<div class=\"elementor-widget-container\">\n\t\t\t\t\t\t\t\t\t<p><strong>Qu&rsquo;est-ce que la G\u00e9obiologie ?<\/strong><\/p><p>La g\u00e9obiologie est une discipline qui \u00e9tudie l&rsquo;impact de l&rsquo;environnement sur le bien-\u00eatre des \u00eatres vivants, y compris les humains. Elle explore les interactions entre les lieux, les \u00e9nergies naturelles et les organismes vivants.<\/p><p><strong>Comment \u00e7a fonctionne ?<\/strong><\/p><p>En g\u00e9obiologie, on identifie et corrige les perturbations \u00e9nerg\u00e9tiques potentielles dans un environnement, telles que les courants d&rsquo;eau souterrains, les failles g\u00e9ologiques et les champs \u00e9lectromagn\u00e9tiques, qui pourraient affecter la sant\u00e9 et le bien-\u00eatre des occupants.<\/p><p><strong>Pourquoi choisir la g\u00e9obiologie ?<\/strong><\/p><ul><li><strong>Bien-\u00eatre optimal<\/strong> : La g\u00e9obiologie vise \u00e0 cr\u00e9er des environnements favorables \u00e0 la sant\u00e9 et au bien-\u00eatre.<\/li><li><strong>Harmonie \u00e9nerg\u00e9tique<\/strong> : En corrigeant les perturbations \u00e9nerg\u00e9tiques, elle cherche \u00e0 r\u00e9tablir l&rsquo;harmonie et l&rsquo;\u00e9quilibre dans les espaces de vie.<\/li><li><strong>Pr\u00e9vention des probl\u00e8mes de sant\u00e9<\/strong> : En identifiant et en traitant les sources de stress environnemental, elle peut contribuer \u00e0 pr\u00e9venir certains probl\u00e8mes de sant\u00e9.<\/li><\/ul>\t\t\t\t\t\t\t\t<\/div>\n\t\t\t\t<\/div>\n\t\t\t\t\t<\/div>\n\t\t<\/div>\n\t\t\t\t\t<\/div>\n\t\t<\/section>\n\t\t\t\t<section class=\"elementor-section elementor-top-section elementor-element elementor-element-1574ec3 elementor-section-boxed elementor-section-height-default elementor-section-height-default\" data-id=\"1574ec3\" data-element_type=\"section\">\n\t\t\t\t\t\t<div class=\"elementor-container elementor-column-gap-default\">\n\t\t\t\t\t<div class=\"elementor-column elementor-col-66 elementor-top-column elementor-element elementor-element-19697a9\" data-id=\"19697a9\" data-element_type=\"column\">\n\t\t\t<div class=\"elementor-widget-wrap elementor-element-populated\">\n\t\t\t\t\t\t<div class=\"elementor-element elementor-element-224b15e elementor-widget elementor-widget-text-editor\" data-id=\"224b15e\" data-element_type=\"widget\" data-widget_type=\"text-editor.default\">\n\t\t\t\t<div class=\"elementor-widget-container\">\n\t\t\t\t\t\t\t\t\t<p><strong>Contactez St\u00e9phane Puteaux :<\/strong><\/p><p class=\"font_7 wixui-rich-text__text\"><span class=\"wixui-rich-text__text\"><span class=\"color_15 wixui-rich-text__text\">8 rue du Polygone <\/span><\/span><span class=\"wixui-rich-text__text\"><span class=\"color_15 wixui-rich-text__text\">17580 Le bois Plage en R\u00e9<\/span><\/span><\/p><p class=\"font_7 wixui-rich-text__text\"><span class=\"wixui-rich-text__text\"><span class=\"color_15 wixui-rich-text__text\"><a class=\"wixui-rich-text__text\" href=\"tel:06 51 39 55 62\">06 51 39 55 62<\/a><\/span><\/span><\/p><p><a href=\"https:\/\/www.re-generer.com\/\">https:\/\/www.re-generer.com\/<\/a><\/p>\t\t\t\t\t\t\t\t<\/div>\n\t\t\t\t<\/div>\n\t\t\t\t\t<\/div>\n\t\t<\/div>\n\t\t\t\t<div class=\"elementor-column elementor-col-33 elementor-top-column elementor-element elementor-element-21ca503\" data-id=\"21ca503\" data-element_type=\"column\">\n\t\t\t<div class=\"elementor-widget-wrap elementor-element-populated\">\n\t\t\t\t\t\t<div class=\"elementor-element elementor-element-68e49fb elementor-widget elementor-widget-image\" data-id=\"68e49fb\" data-element_type=\"widget\" data-widget_type=\"image.default\">\n\t\t\t\t<div class=\"elementor-widget-container\">\n\t\t\t\t\t\t\t\t\t\t\t\t\t\t\t<img fetchpriority=\"high\" decoding=\"async\" width=\"300\" height=\"300\" src=\"https:\/\/mieuxetreenre.fr\/wp-content\/uploads\/2024\/03\/Plant-based-Products-Presentation-Presentation-300x300.jpg\" class=\"attachment-medium size-medium wp-image-632\" alt=\"st\u00e9phane puteaux g\u00e9obiologue Ile de R\u00e9\" srcset=\"https:\/\/mieuxetreenre.fr\/wp-content\/uploads\/2024\/03\/Plant-based-Products-Presentation-Presentation-300x300.jpg 300w, https:\/\/mieuxetreenre.fr\/wp-content\/uploads\/2024\/03\/Plant-based-Products-Presentation-Presentation-1024x1024.jpg 1024w, https:\/\/mieuxetreenre.fr\/wp-content\/uploads\/2024\/03\/Plant-based-Products-Presentation-Presentation-150x150.jpg 150w, https:\/\/mieuxetreenre.fr\/wp-content\/uploads\/2024\/03\/Plant-based-Products-Presentation-Presentation-768x768.jpg 768w, https:\/\/mieuxetreenre.fr\/wp-content\/uploads\/2024\/03\/Plant-based-Products-Presentation-Presentation-1536x1536.jpg 1536w, https:\/\/mieuxetreenre.fr\/wp-content\/uploads\/2024\/03\/Plant-based-Products-Presentation-Presentation-1320x1320.jpg 1320w, https:\/\/mieuxetreenre.fr\/wp-content\/uploads\/2024\/03\/Plant-based-Products-Presentation-Presentation.jpg 2000w\" sizes=\"(max-width: 300px) 100vw, 300px\" \/>\t\t\t\t\t\t\t\t\t\t\t\t\t\t\t<\/div>\n\t\t\t\t<\/div>\n\t\t\t\t\t<\/div>\n\t\t<\/div>\n\t\t\t\t\t<\/div>\n\t\t<\/section>\n\t\t\t\t<section class=\"elementor-section elementor-top-section elementor-element elementor-element-0787522 elementor-section-boxed elementor-section-height-default elementor-section-height-default\" data-id=\"0787522\" data-element_type=\"section\">\n\t\t\t\t\t\t<div class=\"elementor-container elementor-column-gap-default\">\n\t\t\t\t\t<div class=\"elementor-column elementor-col-25 elementor-top-column elementor-element elementor-element-0b50a1d\" data-id=\"0b50a1d\" data-element_type=\"column\">\n\t\t\t<div class=\"elementor-widget-wrap elementor-element-populated\">\n\t\t\t\t\t\t<div class=\"elementor-element elementor-element-36cb04c elementor-widget elementor-widget-button\" data-id=\"36cb04c\" data-element_type=\"widget\" data-widget_type=\"button.default\">\n\t\t\t\t<div class=\"elementor-widget-container\">\n\t\t\t\t\t\t\t\t\t<div class=\"elementor-button-wrapper\">\n\t\t\t\t\t<a class=\"elementor-button elementor-button-link elementor-size-sm\" href=\"https:\/\/mieuxetreenre.fr\">\n\t\t\t\t\t\t<span class=\"elementor-button-content-wrapper\">\n\t\t\t\t\t\t\t\t\t<span class=\"elementor-button-text\">retour \u00e0 l'accueil<\/span>\n\t\t\t\t\t<\/span>\n\t\t\t\t\t<\/a>\n\t\t\t\t<\/div>\n\t\t\t\t\t\t\t\t<\/div>\n\t\t\t\t<\/div>\n\t\t\t\t\t<\/div>\n\t\t<\/div>\n\t\t\t\t<div class=\"elementor-column elementor-col-25 elementor-top-column elementor-element elementor-element-27939a3\" data-id=\"27939a3\" data-element_type=\"column\">\n\t\t\t<div class=\"elementor-widget-wrap\">\n\t\t\t\t\t\t\t<\/div>\n\t\t<\/div>\n\t\t\t\t<div class=\"elementor-column elementor-col-25 elementor-top-column elementor-element elementor-element-88d7712\" data-id=\"88d7712\" data-element_type=\"column\">\n\t\t\t<div class=\"elementor-widget-wrap\">\n\t\t\t\t\t\t\t<\/div>\n\t\t<\/div>\n\t\t\t\t<div class=\"elementor-column elementor-col-25 elementor-top-column elementor-element elementor-element-6e88fa9\" data-id=\"6e88fa9\" data-element_type=\"column\">\n\t\t\t<div class=\"elementor-widget-wrap\">\n\t\t\t\t\t\t\t<\/div>\n\t\t<\/div>\n\t\t\t\t\t<\/div>\n\t\t<\/section>\n\t\t\t\t<\/div>\n\t\t","protected":false},"excerpt":{"rendered":"<p>La G\u00e9obiologie Qu&rsquo;est-ce que la G\u00e9obiologie ? La g\u00e9obiologie est une discipline qui \u00e9tudie l&rsquo;impact de l&rsquo;environnement sur le bien-\u00eatre des \u00eatres vivants, y compris les humains. Elle explore les interactions entre les lieux, les \u00e9nergies naturelles et les organismes vivants. Comment \u00e7a fonctionne ? En g\u00e9obiologie, on identifie et corrige les perturbations \u00e9nerg\u00e9tiques potentielles [&hellip;]<\/p>\n","protected":false},"author":2,"featured_media":0,"parent":0,"menu_order":0,"comment_status":"closed","ping_status":"closed","template":"","meta":{"site-sidebar-layout":"no-sidebar","site-content-layout":"page-builder","ast-site-content-layout":"full-width-container","site-content-style":"unboxed","site-sidebar-style":"unboxed","ast-global-header-display":"","ast-banner-title-visibility":"","ast-main-header-display":"","ast-hfb-above-header-display":"","ast-hfb-below-header-display":"","ast-hfb-mobile-header-display":"","site-post-title":"disabled","ast-breadcrumbs-content":"","ast-featured-img":"disabled","footer-sml-layout":"","theme-transparent-header-meta":"","adv-header-id-meta":"","stick-header-meta":"","header-above-stick-meta":"","header-main-stick-meta":"","header-below-stick-meta":"","astra-migrate-meta-layouts":"set","ast-page-background-enabled":"default","ast-page-background-meta":{"desktop":{"background-color":"var(--ast-global-color-4)","background-image":"","background-repeat":"repeat","background-position":"center center","background-size":"auto","background-attachment":"scroll","background-type":"","background-media":"","overlay-type":"","overlay-color":"","overlay-opacity":"","overlay-gradient":""},"tablet":{"background-color":"","background-image":"","background-repeat":"repeat","background-position":"center center","background-size":"auto","background-attachment":"scroll","background-type":"","background-media":"","overlay-type":"","overlay-color":"","overlay-opacity":"","overlay-gradient":""},"mobile":{"background-color":"","background-image":"","background-repeat":"repeat","background-position":"center center","background-size":"auto","background-attachment":"scroll","background-type":"","background-media":"","overlay-type":"","overlay-color":"","overlay-opacity":"","overlay-gradient":""}},"ast-content-background-meta":{"desktop":{"background-color":"var(--ast-global-color-5)","background-image":"","background-repeat":"repeat","background-position":"center center","background-size":"auto","background-attachment":"scroll","background-type":"","background-media":"","overlay-type":"","overlay-color":"","overlay-opacity":"","overlay-gradient":""},"tablet":{"background-color":"var(--ast-global-color-5)","background-image":"","background-repeat":"repeat","background-position":"center center","background-size":"auto","background-attachment":"scroll","background-type":"","background-media":"","overlay-type":"","overlay-color":"","overlay-opacity":"","overlay-gradient":""},"mobile":{"background-color":"var(--ast-global-color-5)","background-image":"","background-repeat":"repeat","background-position":"center center","background-size":"auto","background-attachment":"scroll","background-type":"","background-media":"","overlay-type":"","overlay-color":"","overlay-opacity":"","overlay-gradient":""}},"footnotes":""},"class_list":["post-627","page","type-page","status-publish","hentry"],"yoast_head":"<!-- This site is optimized with the Yoast SEO plugin v25.8 - https:\/\/yoast.com\/wordpress\/plugins\/seo\/ -->\n<title>La G\u00e9obiologie - Association Mieux \u00eatre en R\u00e9<\/title>\n<meta name=\"description\" content=\"La g\u00e9obiologie est importante sur l&#039;Ile de R\u00e9 pour vous et votre habitation, retrouver notre g\u00e9obiologue membre Mieux \u00catre en R\u00e9\" \/>\n<meta name=\"robots\" content=\"index, follow, max-snippet:-1, max-image-preview:large, max-video-preview:-1\" \/>\n<link rel=\"canonical\" href=\"https:\/\/mieuxetreenre.fr\/index.php\/la-geobiologie-geobiologue-ile-de-re-mieux-etre-en-re\/\" \/>\n<meta property=\"og:locale\" content=\"fr_FR\" \/>\n<meta property=\"og:type\" content=\"article\" \/>\n<meta property=\"og:title\" content=\"La G\u00e9obiologie - Association Mieux \u00eatre en R\u00e9\" \/>\n<meta property=\"og:description\" content=\"La g\u00e9obiologie est importante sur l&#039;Ile de R\u00e9 pour vous et votre habitation, retrouver notre g\u00e9obiologue membre Mieux \u00catre en R\u00e9\" \/>\n<meta property=\"og:url\" content=\"https:\/\/mieuxetreenre.fr\/index.php\/la-geobiologie-geobiologue-ile-de-re-mieux-etre-en-re\/\" \/>\n<meta property=\"og:site_name\" content=\"Association Mieux \u00eatre en R\u00e9\" \/>\n<meta property=\"article:publisher\" content=\"https:\/\/www.facebook.com\/Mieux.Etre.en.Re\" \/>\n<meta property=\"article:modified_time\" content=\"2024-03-17T16:52:49+00:00\" \/>\n<meta property=\"og:image\" content=\"https:\/\/mieuxetreenre.fr\/wp-content\/uploads\/2024\/03\/Plant-based-Products-Presentation-Presentation-300x300.jpg\" \/>\n<meta name=\"twitter:card\" content=\"summary_large_image\" \/>\n<meta name=\"twitter:label1\" content=\"Dur\u00e9e de lecture estim\u00e9e\" \/>\n\t<meta name=\"twitter:data1\" content=\"2 minutes\" \/>\n<script type=\"application\/ld+json\" class=\"yoast-schema-graph\">{\"@context\":\"https:\/\/schema.org\",\"@graph\":[{\"@type\":\"WebPage\",\"@id\":\"https:\/\/mieuxetreenre.fr\/index.php\/la-geobiologie-geobiologue-ile-de-re-mieux-etre-en-re\/\",\"url\":\"https:\/\/mieuxetreenre.fr\/index.php\/la-geobiologie-geobiologue-ile-de-re-mieux-etre-en-re\/\",\"name\":\"La G\u00e9obiologie - Association Mieux \u00eatre en R\u00e9\",\"isPartOf\":{\"@id\":\"https:\/\/mieuxetreenre.fr\/#website\"},\"primaryImageOfPage\":{\"@id\":\"https:\/\/mieuxetreenre.fr\/index.php\/la-geobiologie-geobiologue-ile-de-re-mieux-etre-en-re\/#primaryimage\"},\"image\":{\"@id\":\"https:\/\/mieuxetreenre.fr\/index.php\/la-geobiologie-geobiologue-ile-de-re-mieux-etre-en-re\/#primaryimage\"},\"thumbnailUrl\":\"https:\/\/mieuxetreenre.fr\/wp-content\/uploads\/2024\/03\/Plant-based-Products-Presentation-Presentation-300x300.jpg\",\"datePublished\":\"2024-03-15T18:40:43+00:00\",\"dateModified\":\"2024-03-17T16:52:49+00:00\",\"description\":\"La g\u00e9obiologie est importante sur l'Ile de R\u00e9 pour vous et votre habitation, retrouver notre g\u00e9obiologue membre Mieux \u00catre en R\u00e9\",\"breadcrumb\":{\"@id\":\"https:\/\/mieuxetreenre.fr\/index.php\/la-geobiologie-geobiologue-ile-de-re-mieux-etre-en-re\/#breadcrumb\"},\"inLanguage\":\"fr-FR\",\"potentialAction\":[{\"@type\":\"ReadAction\",\"target\":[\"https:\/\/mieuxetreenre.fr\/index.php\/la-geobiologie-geobiologue-ile-de-re-mieux-etre-en-re\/\"]}]},{\"@type\":\"ImageObject\",\"inLanguage\":\"fr-FR\",\"@id\":\"https:\/\/mieuxetreenre.fr\/index.php\/la-geobiologie-geobiologue-ile-de-re-mieux-etre-en-re\/#primaryimage\",\"url\":\"https:\/\/mieuxetreenre.fr\/wp-content\/uploads\/2024\/03\/Plant-based-Products-Presentation-Presentation.jpg\",\"contentUrl\":\"https:\/\/mieuxetreenre.fr\/wp-content\/uploads\/2024\/03\/Plant-based-Products-Presentation-Presentation.jpg\",\"width\":2000,\"height\":2000,\"caption\":\"st\u00e9phane puteaux g\u00e9obiologue Ile de R\u00e9\"},{\"@type\":\"BreadcrumbList\",\"@id\":\"https:\/\/mieuxetreenre.fr\/index.php\/la-geobiologie-geobiologue-ile-de-re-mieux-etre-en-re\/#breadcrumb\",\"itemListElement\":[{\"@type\":\"ListItem\",\"position\":1,\"name\":\"Accueil\",\"item\":\"https:\/\/mieuxetreenre.fr\/\"},{\"@type\":\"ListItem\",\"position\":2,\"name\":\"La G\u00e9obiologie\"}]},{\"@type\":\"WebSite\",\"@id\":\"https:\/\/mieuxetreenre.fr\/#website\",\"url\":\"https:\/\/mieuxetreenre.fr\/\",\"name\":\"Association Mieux \u00eatre en R\u00e9\",\"description\":\"F\u00e9d\u00e9rateur de bonheur\",\"publisher\":{\"@id\":\"https:\/\/mieuxetreenre.fr\/#organization\"},\"potentialAction\":[{\"@type\":\"SearchAction\",\"target\":{\"@type\":\"EntryPoint\",\"urlTemplate\":\"https:\/\/mieuxetreenre.fr\/?s={search_term_string}\"},\"query-input\":{\"@type\":\"PropertyValueSpecification\",\"valueRequired\":true,\"valueName\":\"search_term_string\"}}],\"inLanguage\":\"fr-FR\"},{\"@type\":\"Organization\",\"@id\":\"https:\/\/mieuxetreenre.fr\/#organization\",\"name\":\"Association Mieux \u00eatre en R\u00e9\",\"url\":\"https:\/\/mieuxetreenre.fr\/\",\"logo\":{\"@type\":\"ImageObject\",\"inLanguage\":\"fr-FR\",\"@id\":\"https:\/\/mieuxetreenre.fr\/#\/schema\/logo\/image\/\",\"url\":\"https:\/\/mieuxetreenre.fr\/wp-content\/uploads\/2023\/03\/cropped-cropped-LOGO-MEER-ROND-1-1.png\",\"contentUrl\":\"https:\/\/mieuxetreenre.fr\/wp-content\/uploads\/2023\/03\/cropped-cropped-LOGO-MEER-ROND-1-1.png\",\"width\":293,\"height\":290,\"caption\":\"Association Mieux \u00eatre en R\u00e9\"},\"image\":{\"@id\":\"https:\/\/mieuxetreenre.fr\/#\/schema\/logo\/image\/\"},\"sameAs\":[\"https:\/\/www.facebook.com\/Mieux.Etre.en.Re\"]}]}<\/script>\n<!-- \/ Yoast SEO plugin. -->","yoast_head_json":{"title":"La G\u00e9obiologie - Association Mieux \u00eatre en R\u00e9","description":"La g\u00e9obiologie est importante sur l'Ile de R\u00e9 pour vous et votre habitation, retrouver notre g\u00e9obiologue membre Mieux \u00catre en R\u00e9","robots":{"index":"index","follow":"follow","max-snippet":"max-snippet:-1","max-image-preview":"max-image-preview:large","max-video-preview":"max-video-preview:-1"},"canonical":"https:\/\/mieuxetreenre.fr\/index.php\/la-geobiologie-geobiologue-ile-de-re-mieux-etre-en-re\/","og_locale":"fr_FR","og_type":"article","og_title":"La G\u00e9obiologie - Association Mieux \u00eatre en R\u00e9","og_description":"La g\u00e9obiologie est importante sur l'Ile de R\u00e9 pour vous et votre habitation, retrouver notre g\u00e9obiologue membre Mieux \u00catre en R\u00e9","og_url":"https:\/\/mieuxetreenre.fr\/index.php\/la-geobiologie-geobiologue-ile-de-re-mieux-etre-en-re\/","og_site_name":"Association Mieux \u00eatre en R\u00e9","article_publisher":"https:\/\/www.facebook.com\/Mieux.Etre.en.Re","article_modified_time":"2024-03-17T16:52:49+00:00","og_image":[{"url":"https:\/\/mieuxetreenre.fr\/wp-content\/uploads\/2024\/03\/Plant-based-Products-Presentation-Presentation-300x300.jpg","type":"","width":"","height":""}],"twitter_card":"summary_large_image","twitter_misc":{"Dur\u00e9e de lecture estim\u00e9e":"2 minutes"},"schema":{"@context":"https:\/\/schema.org","@graph":[{"@type":"WebPage","@id":"https:\/\/mieuxetreenre.fr\/index.php\/la-geobiologie-geobiologue-ile-de-re-mieux-etre-en-re\/","url":"https:\/\/mieuxetreenre.fr\/index.php\/la-geobiologie-geobiologue-ile-de-re-mieux-etre-en-re\/","name":"La G\u00e9obiologie - Association Mieux \u00eatre en R\u00e9","isPartOf":{"@id":"https:\/\/mieuxetreenre.fr\/#website"},"primaryImageOfPage":{"@id":"https:\/\/mieuxetreenre.fr\/index.php\/la-geobiologie-geobiologue-ile-de-re-mieux-etre-en-re\/#primaryimage"},"image":{"@id":"https:\/\/mieuxetreenre.fr\/index.php\/la-geobiologie-geobiologue-ile-de-re-mieux-etre-en-re\/#primaryimage"},"thumbnailUrl":"https:\/\/mieuxetreenre.fr\/wp-content\/uploads\/2024\/03\/Plant-based-Products-Presentation-Presentation-300x300.jpg","datePublished":"2024-03-15T18:40:43+00:00","dateModified":"2024-03-17T16:52:49+00:00","description":"La g\u00e9obiologie est importante sur l'Ile de R\u00e9 pour vous et votre habitation, retrouver notre g\u00e9obiologue membre Mieux \u00catre en R\u00e9","breadcrumb":{"@id":"https:\/\/mieuxetreenre.fr\/index.php\/la-geobiologie-geobiologue-ile-de-re-mieux-etre-en-re\/#breadcrumb"},"inLanguage":"fr-FR","potentialAction":[{"@type":"ReadAction","target":["https:\/\/mieuxetreenre.fr\/index.php\/la-geobiologie-geobiologue-ile-de-re-mieux-etre-en-re\/"]}]},{"@type":"ImageObject","inLanguage":"fr-FR","@id":"https:\/\/mieuxetreenre.fr\/index.php\/la-geobiologie-geobiologue-ile-de-re-mieux-etre-en-re\/#primaryimage","url":"https:\/\/mieuxetreenre.fr\/wp-content\/uploads\/2024\/03\/Plant-based-Products-Presentation-Presentation.jpg","contentUrl":"https:\/\/mieuxetreenre.fr\/wp-content\/uploads\/2024\/03\/Plant-based-Products-Presentation-Presentation.jpg","width":2000,"height":2000,"caption":"st\u00e9phane puteaux g\u00e9obiologue Ile de R\u00e9"},{"@type":"BreadcrumbList","@id":"https:\/\/mieuxetreenre.fr\/index.php\/la-geobiologie-geobiologue-ile-de-re-mieux-etre-en-re\/#breadcrumb","itemListElement":[{"@type":"ListItem","position":1,"name":"Accueil","item":"https:\/\/mieuxetreenre.fr\/"},{"@type":"ListItem","position":2,"name":"La G\u00e9obiologie"}]},{"@type":"WebSite","@id":"https:\/\/mieuxetreenre.fr\/#website","url":"https:\/\/mieuxetreenre.fr\/","name":"Association Mieux \u00eatre en R\u00e9","description":"F\u00e9d\u00e9rateur de bonheur","publisher":{"@id":"https:\/\/mieuxetreenre.fr\/#organization"},"potentialAction":[{"@type":"SearchAction","target":{"@type":"EntryPoint","urlTemplate":"https:\/\/mieuxetreenre.fr\/?s={search_term_string}"},"query-input":{"@type":"PropertyValueSpecification","valueRequired":true,"valueName":"search_term_string"}}],"inLanguage":"fr-FR"},{"@type":"Organization","@id":"https:\/\/mieuxetreenre.fr\/#organization","name":"Association Mieux \u00eatre en R\u00e9","url":"https:\/\/mieuxetreenre.fr\/","logo":{"@type":"ImageObject","inLanguage":"fr-FR","@id":"https:\/\/mieuxetreenre.fr\/#\/schema\/logo\/image\/","url":"https:\/\/mieuxetreenre.fr\/wp-content\/uploads\/2023\/03\/cropped-cropped-LOGO-MEER-ROND-1-1.png","contentUrl":"https:\/\/mieuxetreenre.fr\/wp-content\/uploads\/2023\/03\/cropped-cropped-LOGO-MEER-ROND-1-1.png","width":293,"height":290,"caption":"Association Mieux \u00eatre en R\u00e9"},"image":{"@id":"https:\/\/mieuxetreenre.fr\/#\/schema\/logo\/image\/"},"sameAs":["https:\/\/www.facebook.com\/Mieux.Etre.en.Re"]}]}},"jetpack_sharing_enabled":true,"_links":{"self":[{"href":"https:\/\/mieuxetreenre.fr\/index.php\/wp-json\/wp\/v2\/pages\/627","targetHints":{"allow":["GET"]}}],"collection":[{"href":"https:\/\/mieuxetreenre.fr\/index.php\/wp-json\/wp\/v2\/pages"}],"about":[{"href":"https:\/\/mieuxetreenre.fr\/index.php\/wp-json\/wp\/v2\/types\/page"}],"author":[{"embeddable":true,"href":"https:\/\/mieuxetreenre.fr\/index.php\/wp-json\/wp\/v2\/users\/2"}],"replies":[{"embeddable":true,"href":"https:\/\/mieuxetreenre.fr\/index.php\/wp-json\/wp\/v2\/comments?post=627"}],"version-history":[{"count":35,"href":"https:\/\/mieuxetreenre.fr\/index.php\/wp-json\/wp\/v2\/pages\/627\/revisions"}],"predecessor-version":[{"id":680,"href":"https:\/\/mieuxetreenre.fr\/index.php\/wp-json\/wp\/v2\/pages\/627\/revisions\/680"}],"wp:attachment":[{"href":"https:\/\/mieuxetreenre.fr\/index.php\/wp-json\/wp\/v2\/media?parent=627"}],"curies":[{"name":"wp","href":"https:\/\/api.w.org\/{rel}","templated":true}]}}