{"id":1055,"date":"2024-09-07T19:40:43","date_gmt":"2024-09-07T17:40:43","guid":{"rendered":"https:\/\/mieuxetreenre.fr\/?page_id=1055"},"modified":"2024-09-07T19:53:02","modified_gmt":"2024-09-07T17:53:02","slug":"hypnose-universelle-quantique-regressive","status":"publish","type":"page","link":"https:\/\/mieuxetreenre.fr\/index.php\/hypnose-universelle-quantique-regressive\/","title":{"rendered":"Hypnose Universelle Quantique (R\u00e9gressive)"},"content":{"rendered":"\t\t<div data-elementor-type=\"wp-page\" data-elementor-id=\"1055\" class=\"elementor elementor-1055\">\n\t\t\t\t\t\t<section class=\"elementor-section elementor-top-section elementor-element elementor-element-b962fcf elementor-section-boxed elementor-section-height-default elementor-section-height-default\" data-id=\"b962fcf\" data-element_type=\"section\">\n\t\t\t\t\t\t<div class=\"elementor-container elementor-column-gap-default\">\n\t\t\t\t\t<div class=\"elementor-column elementor-col-100 elementor-top-column elementor-element elementor-element-650645f\" data-id=\"650645f\" data-element_type=\"column\">\n\t\t\t<div class=\"elementor-widget-wrap elementor-element-populated\">\n\t\t\t\t\t\t<div class=\"elementor-element elementor-element-134ff46 elementor-widget elementor-widget-heading\" data-id=\"134ff46\" data-element_type=\"widget\" data-widget_type=\"heading.default\">\n\t\t\t\t<div class=\"elementor-widget-container\">\n\t\t\t\t\t<h2 class=\"elementor-heading-title elementor-size-default\">Hypnose Universelle Quantique (R\u00e9gressive)<\/h2>\t\t\t\t<\/div>\n\t\t\t\t<\/div>\n\t\t\t\t\t<\/div>\n\t\t<\/div>\n\t\t\t\t\t<\/div>\n\t\t<\/section>\n\t\t\t\t<section class=\"elementor-section elementor-top-section elementor-element elementor-element-7ec8725 elementor-section-boxed elementor-section-height-default elementor-section-height-default\" data-id=\"7ec8725\" data-element_type=\"section\">\n\t\t\t\t\t\t<div class=\"elementor-container elementor-column-gap-default\">\n\t\t\t\t\t<div class=\"elementor-column elementor-col-100 elementor-top-column elementor-element elementor-element-0eb4c8c\" data-id=\"0eb4c8c\" data-element_type=\"column\">\n\t\t\t<div class=\"elementor-widget-wrap elementor-element-populated\">\n\t\t\t\t\t\t<div class=\"elementor-element elementor-element-23223c1 elementor-widget elementor-widget-text-editor\" data-id=\"23223c1\" data-element_type=\"widget\" data-widget_type=\"text-editor.default\">\n\t\t\t\t<div class=\"elementor-widget-container\">\n\t\t\t\t\t\t\t\t\t<p><strong><span style=\"font-size: 18.0pt;\">Qu&rsquo;est ce que l&rsquo;Hypnose Universelle Quantique ou Hypnose R\u00e9gressive ?<\/span><\/strong><\/p><p><span style=\"font-size: 18.0pt;\">L&rsquo;hypnose r\u00e9gressive est une technique qui utilise un \u00e9tat d&rsquo;hypnose pour explorer les souvenirs pass\u00e9s d&rsquo;une personne, y compris des \u00e9v\u00e9nements de son enfance ou m\u00eame des vies ant\u00e9rieures selon certaines croyances. Elle vise \u00e0 acc\u00e9der \u00e0 des souvenirs enfouis dans l&rsquo;inconscient, souvent dans le but de r\u00e9soudre des probl\u00e8mes de la vie pr\u00e9sente, de comprendre des sch\u00e9mas de comportement ou de gu\u00e9rir des traumatismes. Pendant une s\u00e9ance d&rsquo;hypnose r\u00e9gressive, la personne est guid\u00e9e \u00e0 revivre ces souvenirs d&rsquo;une mani\u00e8re d\u00e9tendue et contr\u00f4l\u00e9e, tout en restant consciente de son environnement.<\/span><\/p>\t\t\t\t\t\t\t\t<\/div>\n\t\t\t\t<\/div>\n\t\t\t\t\t<\/div>\n\t\t<\/div>\n\t\t\t\t\t<\/div>\n\t\t<\/section>\n\t\t\t\t<section class=\"elementor-section elementor-top-section elementor-element elementor-element-fe19b4c elementor-section-boxed elementor-section-height-default elementor-section-height-default\" data-id=\"fe19b4c\" data-element_type=\"section\">\n\t\t\t\t\t\t<div class=\"elementor-container elementor-column-gap-default\">\n\t\t\t\t\t<div class=\"elementor-column elementor-col-50 elementor-top-column elementor-element elementor-element-12ca954\" data-id=\"12ca954\" data-element_type=\"column\">\n\t\t\t<div class=\"elementor-widget-wrap elementor-element-populated\">\n\t\t\t\t\t\t<div class=\"elementor-element elementor-element-b67724e elementor-widget elementor-widget-text-editor\" data-id=\"b67724e\" data-element_type=\"widget\" data-widget_type=\"text-editor.default\">\n\t\t\t\t<div class=\"elementor-widget-container\">\n\t\t\t\t\t\t\t\t\t<p>Contactez :<\/p><p><strong>Nicolas Chauvet<\/strong><\/p><p>T\u00e9l\u00e9phone : 06 79 94 84 46<\/p><p>mail : <a href=\"mailto:nicolas@tout-naturellement.eu\">nicolas@tout-naturellement.eu<\/a><\/p><p>site :\u00a0<a href=\"https:\/\/tout-naturellement.eu\/\">https:\/\/tout-naturellement.eu\/<\/a><\/p>\t\t\t\t\t\t\t\t<\/div>\n\t\t\t\t<\/div>\n\t\t\t\t\t<\/div>\n\t\t<\/div>\n\t\t\t\t<div class=\"elementor-column elementor-col-50 elementor-top-column elementor-element elementor-element-b405fd6\" data-id=\"b405fd6\" data-element_type=\"column\">\n\t\t\t<div class=\"elementor-widget-wrap elementor-element-populated\">\n\t\t\t\t\t\t<div class=\"elementor-element elementor-element-79522a2 elementor-widget elementor-widget-image\" data-id=\"79522a2\" data-element_type=\"widget\" data-widget_type=\"image.default\">\n\t\t\t\t<div class=\"elementor-widget-container\">\n\t\t\t\t\t\t\t\t\t\t\t\t\t\t\t<img fetchpriority=\"high\" decoding=\"async\" width=\"1024\" height=\"576\" src=\"https:\/\/mieuxetreenre.fr\/wp-content\/uploads\/2024\/09\/9-1024x576.jpg\" class=\"attachment-large size-large wp-image-1058\" alt=\"\" srcset=\"https:\/\/mieuxetreenre.fr\/wp-content\/uploads\/2024\/09\/9-1024x576.jpg 1024w, https:\/\/mieuxetreenre.fr\/wp-content\/uploads\/2024\/09\/9-300x169.jpg 300w, https:\/\/mieuxetreenre.fr\/wp-content\/uploads\/2024\/09\/9-768x432.jpg 768w, https:\/\/mieuxetreenre.fr\/wp-content\/uploads\/2024\/09\/9-1320x743.jpg 1320w, https:\/\/mieuxetreenre.fr\/wp-content\/uploads\/2024\/09\/9.jpg 1440w\" sizes=\"(max-width: 1024px) 100vw, 1024px\" \/>\t\t\t\t\t\t\t\t\t\t\t\t\t\t\t<\/div>\n\t\t\t\t<\/div>\n\t\t\t\t\t<\/div>\n\t\t<\/div>\n\t\t\t\t\t<\/div>\n\t\t<\/section>\n\t\t\t\t<\/div>\n\t\t","protected":false},"excerpt":{"rendered":"<p>Hypnose Universelle Quantique (R\u00e9gressive) Qu&rsquo;est ce que l&rsquo;Hypnose Universelle Quantique ou Hypnose R\u00e9gressive ? L&rsquo;hypnose r\u00e9gressive est une technique qui utilise un \u00e9tat d&rsquo;hypnose pour explorer les souvenirs pass\u00e9s d&rsquo;une personne, y compris des \u00e9v\u00e9nements de son enfance ou m\u00eame des vies ant\u00e9rieures selon certaines croyances. Elle vise \u00e0 acc\u00e9der \u00e0 des souvenirs enfouis dans [&hellip;]<\/p>\n","protected":false},"author":2,"featured_media":0,"parent":0,"menu_order":0,"comment_status":"closed","ping_status":"closed","template":"","meta":{"site-sidebar-layout":"no-sidebar","site-content-layout":"page-builder","ast-site-content-layout":"full-width-container","site-content-style":"default","site-sidebar-style":"default","ast-global-header-display":"","ast-banner-title-visibility":"","ast-main-header-display":"","ast-hfb-above-header-display":"","ast-hfb-below-header-display":"","ast-hfb-mobile-header-display":"","site-post-title":"disabled","ast-breadcrumbs-content":"","ast-featured-img":"disabled","footer-sml-layout":"","theme-transparent-header-meta":"","adv-header-id-meta":"","stick-header-meta":"","header-above-stick-meta":"","header-main-stick-meta":"","header-below-stick-meta":"","astra-migrate-meta-layouts":"set","ast-page-background-enabled":"default","ast-page-background-meta":{"desktop":{"background-color":"var(--ast-global-color-4)","background-image":"","background-repeat":"repeat","background-position":"center center","background-size":"auto","background-attachment":"scroll","background-type":"","background-media":"","overlay-type":"","overlay-color":"","overlay-opacity":"","overlay-gradient":""},"tablet":{"background-color":"","background-image":"","background-repeat":"repeat","background-position":"center center","background-size":"auto","background-attachment":"scroll","background-type":"","background-media":"","overlay-type":"","overlay-color":"","overlay-opacity":"","overlay-gradient":""},"mobile":{"background-color":"","background-image":"","background-repeat":"repeat","background-position":"center center","background-size":"auto","background-attachment":"scroll","background-type":"","background-media":"","overlay-type":"","overlay-color":"","overlay-opacity":"","overlay-gradient":""}},"ast-content-background-meta":{"desktop":{"background-color":"var(--ast-global-color-5)","background-image":"","background-repeat":"repeat","background-position":"center center","background-size":"auto","background-attachment":"scroll","background-type":"","background-media":"","overlay-type":"","overlay-color":"","overlay-opacity":"","overlay-gradient":""},"tablet":{"background-color":"var(--ast-global-color-5)","background-image":"","background-repeat":"repeat","background-position":"center center","background-size":"auto","background-attachment":"scroll","background-type":"","background-media":"","overlay-type":"","overlay-color":"","overlay-opacity":"","overlay-gradient":""},"mobile":{"background-color":"var(--ast-global-color-5)","background-image":"","background-repeat":"repeat","background-position":"center center","background-size":"auto","background-attachment":"scroll","background-type":"","background-media":"","overlay-type":"","overlay-color":"","overlay-opacity":"","overlay-gradient":""}},"footnotes":""},"class_list":["post-1055","page","type-page","status-publish","hentry"],"yoast_head":"<!-- This site is optimized with the Yoast SEO plugin v25.8 - https:\/\/yoast.com\/wordpress\/plugins\/seo\/ -->\n<title>Hypnose Universelle Quantique (R\u00e9gressive) - Association Mieux \u00eatre en R\u00e9<\/title>\n<meta name=\"description\" content=\"Nicolas Chauvet vous accompagne lors de s\u00e9ance d&#039;Hypnose Universelle Quantique aussi appel\u00e9 Hypnose R\u00e9gressive sur l&#039;Ile de R\u00e9\" \/>\n<meta name=\"robots\" content=\"index, follow, max-snippet:-1, max-image-preview:large, max-video-preview:-1\" \/>\n<link rel=\"canonical\" href=\"https:\/\/mieuxetreenre.fr\/index.php\/hypnose-universelle-quantique-regressive\/\" \/>\n<meta property=\"og:locale\" content=\"fr_FR\" \/>\n<meta property=\"og:type\" content=\"article\" \/>\n<meta property=\"og:title\" content=\"Hypnose Universelle Quantique (R\u00e9gressive) - Association Mieux \u00eatre en R\u00e9\" \/>\n<meta property=\"og:description\" content=\"Nicolas Chauvet vous accompagne lors de s\u00e9ance d&#039;Hypnose Universelle Quantique aussi appel\u00e9 Hypnose R\u00e9gressive sur l&#039;Ile de R\u00e9\" \/>\n<meta property=\"og:url\" content=\"https:\/\/mieuxetreenre.fr\/index.php\/hypnose-universelle-quantique-regressive\/\" \/>\n<meta property=\"og:site_name\" content=\"Association Mieux \u00eatre en R\u00e9\" \/>\n<meta property=\"article:publisher\" content=\"https:\/\/www.facebook.com\/Mieux.Etre.en.Re\" \/>\n<meta property=\"article:modified_time\" content=\"2024-09-07T17:53:02+00:00\" \/>\n<meta property=\"og:image\" content=\"https:\/\/mieuxetreenre.fr\/wp-content\/uploads\/2024\/09\/9-1024x576.jpg\" \/>\n<meta name=\"twitter:card\" content=\"summary_large_image\" \/>\n<meta name=\"twitter:label1\" content=\"Dur\u00e9e de lecture estim\u00e9e\" \/>\n\t<meta name=\"twitter:data1\" content=\"1 minute\" \/>\n<script type=\"application\/ld+json\" class=\"yoast-schema-graph\">{\"@context\":\"https:\/\/schema.org\",\"@graph\":[{\"@type\":\"WebPage\",\"@id\":\"https:\/\/mieuxetreenre.fr\/index.php\/hypnose-universelle-quantique-regressive\/\",\"url\":\"https:\/\/mieuxetreenre.fr\/index.php\/hypnose-universelle-quantique-regressive\/\",\"name\":\"Hypnose Universelle Quantique (R\u00e9gressive) - Association Mieux \u00eatre en R\u00e9\",\"isPartOf\":{\"@id\":\"https:\/\/mieuxetreenre.fr\/#website\"},\"primaryImageOfPage\":{\"@id\":\"https:\/\/mieuxetreenre.fr\/index.php\/hypnose-universelle-quantique-regressive\/#primaryimage\"},\"image\":{\"@id\":\"https:\/\/mieuxetreenre.fr\/index.php\/hypnose-universelle-quantique-regressive\/#primaryimage\"},\"thumbnailUrl\":\"https:\/\/mieuxetreenre.fr\/wp-content\/uploads\/2024\/09\/9-1024x576.jpg\",\"datePublished\":\"2024-09-07T17:40:43+00:00\",\"dateModified\":\"2024-09-07T17:53:02+00:00\",\"description\":\"Nicolas Chauvet vous accompagne lors de s\u00e9ance d'Hypnose Universelle Quantique aussi appel\u00e9 Hypnose R\u00e9gressive sur l'Ile de R\u00e9\",\"breadcrumb\":{\"@id\":\"https:\/\/mieuxetreenre.fr\/index.php\/hypnose-universelle-quantique-regressive\/#breadcrumb\"},\"inLanguage\":\"fr-FR\",\"potentialAction\":[{\"@type\":\"ReadAction\",\"target\":[\"https:\/\/mieuxetreenre.fr\/index.php\/hypnose-universelle-quantique-regressive\/\"]}]},{\"@type\":\"ImageObject\",\"inLanguage\":\"fr-FR\",\"@id\":\"https:\/\/mieuxetreenre.fr\/index.php\/hypnose-universelle-quantique-regressive\/#primaryimage\",\"url\":\"https:\/\/mieuxetreenre.fr\/wp-content\/uploads\/2024\/09\/9.jpg\",\"contentUrl\":\"https:\/\/mieuxetreenre.fr\/wp-content\/uploads\/2024\/09\/9.jpg\",\"width\":1440,\"height\":810},{\"@type\":\"BreadcrumbList\",\"@id\":\"https:\/\/mieuxetreenre.fr\/index.php\/hypnose-universelle-quantique-regressive\/#breadcrumb\",\"itemListElement\":[{\"@type\":\"ListItem\",\"position\":1,\"name\":\"Accueil\",\"item\":\"https:\/\/mieuxetreenre.fr\/\"},{\"@type\":\"ListItem\",\"position\":2,\"name\":\"Hypnose Universelle Quantique (R\u00e9gressive)\"}]},{\"@type\":\"WebSite\",\"@id\":\"https:\/\/mieuxetreenre.fr\/#website\",\"url\":\"https:\/\/mieuxetreenre.fr\/\",\"name\":\"Association Mieux \u00eatre en R\u00e9\",\"description\":\"F\u00e9d\u00e9rateur de bonheur\",\"publisher\":{\"@id\":\"https:\/\/mieuxetreenre.fr\/#organization\"},\"potentialAction\":[{\"@type\":\"SearchAction\",\"target\":{\"@type\":\"EntryPoint\",\"urlTemplate\":\"https:\/\/mieuxetreenre.fr\/?s={search_term_string}\"},\"query-input\":{\"@type\":\"PropertyValueSpecification\",\"valueRequired\":true,\"valueName\":\"search_term_string\"}}],\"inLanguage\":\"fr-FR\"},{\"@type\":\"Organization\",\"@id\":\"https:\/\/mieuxetreenre.fr\/#organization\",\"name\":\"Association Mieux \u00eatre en R\u00e9\",\"url\":\"https:\/\/mieuxetreenre.fr\/\",\"logo\":{\"@type\":\"ImageObject\",\"inLanguage\":\"fr-FR\",\"@id\":\"https:\/\/mieuxetreenre.fr\/#\/schema\/logo\/image\/\",\"url\":\"https:\/\/mieuxetreenre.fr\/wp-content\/uploads\/2023\/03\/cropped-cropped-LOGO-MEER-ROND-1-1.png\",\"contentUrl\":\"https:\/\/mieuxetreenre.fr\/wp-content\/uploads\/2023\/03\/cropped-cropped-LOGO-MEER-ROND-1-1.png\",\"width\":293,\"height\":290,\"caption\":\"Association Mieux \u00eatre en R\u00e9\"},\"image\":{\"@id\":\"https:\/\/mieuxetreenre.fr\/#\/schema\/logo\/image\/\"},\"sameAs\":[\"https:\/\/www.facebook.com\/Mieux.Etre.en.Re\"]}]}<\/script>\n<!-- \/ Yoast SEO plugin. -->","yoast_head_json":{"title":"Hypnose Universelle Quantique (R\u00e9gressive) - Association Mieux \u00eatre en R\u00e9","description":"Nicolas Chauvet vous accompagne lors de s\u00e9ance d'Hypnose Universelle Quantique aussi appel\u00e9 Hypnose R\u00e9gressive sur l'Ile de R\u00e9","robots":{"index":"index","follow":"follow","max-snippet":"max-snippet:-1","max-image-preview":"max-image-preview:large","max-video-preview":"max-video-preview:-1"},"canonical":"https:\/\/mieuxetreenre.fr\/index.php\/hypnose-universelle-quantique-regressive\/","og_locale":"fr_FR","og_type":"article","og_title":"Hypnose Universelle Quantique (R\u00e9gressive) - Association Mieux \u00eatre en R\u00e9","og_description":"Nicolas Chauvet vous accompagne lors de s\u00e9ance d'Hypnose Universelle Quantique aussi appel\u00e9 Hypnose R\u00e9gressive sur l'Ile de R\u00e9","og_url":"https:\/\/mieuxetreenre.fr\/index.php\/hypnose-universelle-quantique-regressive\/","og_site_name":"Association Mieux \u00eatre en R\u00e9","article_publisher":"https:\/\/www.facebook.com\/Mieux.Etre.en.Re","article_modified_time":"2024-09-07T17:53:02+00:00","og_image":[{"url":"https:\/\/mieuxetreenre.fr\/wp-content\/uploads\/2024\/09\/9-1024x576.jpg","type":"","width":"","height":""}],"twitter_card":"summary_large_image","twitter_misc":{"Dur\u00e9e de lecture estim\u00e9e":"1 minute"},"schema":{"@context":"https:\/\/schema.org","@graph":[{"@type":"WebPage","@id":"https:\/\/mieuxetreenre.fr\/index.php\/hypnose-universelle-quantique-regressive\/","url":"https:\/\/mieuxetreenre.fr\/index.php\/hypnose-universelle-quantique-regressive\/","name":"Hypnose Universelle Quantique (R\u00e9gressive) - Association Mieux \u00eatre en R\u00e9","isPartOf":{"@id":"https:\/\/mieuxetreenre.fr\/#website"},"primaryImageOfPage":{"@id":"https:\/\/mieuxetreenre.fr\/index.php\/hypnose-universelle-quantique-regressive\/#primaryimage"},"image":{"@id":"https:\/\/mieuxetreenre.fr\/index.php\/hypnose-universelle-quantique-regressive\/#primaryimage"},"thumbnailUrl":"https:\/\/mieuxetreenre.fr\/wp-content\/uploads\/2024\/09\/9-1024x576.jpg","datePublished":"2024-09-07T17:40:43+00:00","dateModified":"2024-09-07T17:53:02+00:00","description":"Nicolas Chauvet vous accompagne lors de s\u00e9ance d'Hypnose Universelle Quantique aussi appel\u00e9 Hypnose R\u00e9gressive sur l'Ile de R\u00e9","breadcrumb":{"@id":"https:\/\/mieuxetreenre.fr\/index.php\/hypnose-universelle-quantique-regressive\/#breadcrumb"},"inLanguage":"fr-FR","potentialAction":[{"@type":"ReadAction","target":["https:\/\/mieuxetreenre.fr\/index.php\/hypnose-universelle-quantique-regressive\/"]}]},{"@type":"ImageObject","inLanguage":"fr-FR","@id":"https:\/\/mieuxetreenre.fr\/index.php\/hypnose-universelle-quantique-regressive\/#primaryimage","url":"https:\/\/mieuxetreenre.fr\/wp-content\/uploads\/2024\/09\/9.jpg","contentUrl":"https:\/\/mieuxetreenre.fr\/wp-content\/uploads\/2024\/09\/9.jpg","width":1440,"height":810},{"@type":"BreadcrumbList","@id":"https:\/\/mieuxetreenre.fr\/index.php\/hypnose-universelle-quantique-regressive\/#breadcrumb","itemListElement":[{"@type":"ListItem","position":1,"name":"Accueil","item":"https:\/\/mieuxetreenre.fr\/"},{"@type":"ListItem","position":2,"name":"Hypnose Universelle Quantique (R\u00e9gressive)"}]},{"@type":"WebSite","@id":"https:\/\/mieuxetreenre.fr\/#website","url":"https:\/\/mieuxetreenre.fr\/","name":"Association Mieux \u00eatre en R\u00e9","description":"F\u00e9d\u00e9rateur de bonheur","publisher":{"@id":"https:\/\/mieuxetreenre.fr\/#organization"},"potentialAction":[{"@type":"SearchAction","target":{"@type":"EntryPoint","urlTemplate":"https:\/\/mieuxetreenre.fr\/?s={search_term_string}"},"query-input":{"@type":"PropertyValueSpecification","valueRequired":true,"valueName":"search_term_string"}}],"inLanguage":"fr-FR"},{"@type":"Organization","@id":"https:\/\/mieuxetreenre.fr\/#organization","name":"Association Mieux \u00eatre en R\u00e9","url":"https:\/\/mieuxetreenre.fr\/","logo":{"@type":"ImageObject","inLanguage":"fr-FR","@id":"https:\/\/mieuxetreenre.fr\/#\/schema\/logo\/image\/","url":"https:\/\/mieuxetreenre.fr\/wp-content\/uploads\/2023\/03\/cropped-cropped-LOGO-MEER-ROND-1-1.png","contentUrl":"https:\/\/mieuxetreenre.fr\/wp-content\/uploads\/2023\/03\/cropped-cropped-LOGO-MEER-ROND-1-1.png","width":293,"height":290,"caption":"Association Mieux \u00eatre en R\u00e9"},"image":{"@id":"https:\/\/mieuxetreenre.fr\/#\/schema\/logo\/image\/"},"sameAs":["https:\/\/www.facebook.com\/Mieux.Etre.en.Re"]}]}},"jetpack_sharing_enabled":true,"_links":{"self":[{"href":"https:\/\/mieuxetreenre.fr\/index.php\/wp-json\/wp\/v2\/pages\/1055","targetHints":{"allow":["GET"]}}],"collection":[{"href":"https:\/\/mieuxetreenre.fr\/index.php\/wp-json\/wp\/v2\/pages"}],"about":[{"href":"https:\/\/mieuxetreenre.fr\/index.php\/wp-json\/wp\/v2\/types\/page"}],"author":[{"embeddable":true,"href":"https:\/\/mieuxetreenre.fr\/index.php\/wp-json\/wp\/v2\/users\/2"}],"replies":[{"embeddable":true,"href":"https:\/\/mieuxetreenre.fr\/index.php\/wp-json\/wp\/v2\/comments?post=1055"}],"version-history":[{"count":5,"href":"https:\/\/mieuxetreenre.fr\/index.php\/wp-json\/wp\/v2\/pages\/1055\/revisions"}],"predecessor-version":[{"id":1061,"href":"https:\/\/mieuxetreenre.fr\/index.php\/wp-json\/wp\/v2\/pages\/1055\/revisions\/1061"}],"wp:attachment":[{"href":"https:\/\/mieuxetreenre.fr\/index.php\/wp-json\/wp\/v2\/media?parent=1055"}],"curies":[{"name":"wp","href":"https:\/\/api.w.org\/{rel}","templated":true}]}}