{"id":1000,"date":"2024-09-03T19:34:00","date_gmt":"2024-09-03T17:34:00","guid":{"rendered":"https:\/\/mieuxetreenre.fr\/?page_id=1000"},"modified":"2024-09-07T19:56:04","modified_gmt":"2024-09-07T17:56:04","slug":"hypnose-ericksonienne","status":"publish","type":"page","link":"https:\/\/mieuxetreenre.fr\/index.php\/hypnose-ericksonienne\/","title":{"rendered":"Hypnose Ericksonienne"},"content":{"rendered":"\t\t<div data-elementor-type=\"wp-page\" data-elementor-id=\"1000\" class=\"elementor elementor-1000\">\n\t\t\t\t\t\t<section class=\"elementor-section elementor-top-section elementor-element elementor-element-c20e4b4 elementor-section-boxed elementor-section-height-default elementor-section-height-default\" data-id=\"c20e4b4\" data-element_type=\"section\">\n\t\t\t\t\t\t<div class=\"elementor-container elementor-column-gap-default\">\n\t\t\t\t\t<div class=\"elementor-column elementor-col-100 elementor-top-column elementor-element elementor-element-8013de7\" data-id=\"8013de7\" data-element_type=\"column\">\n\t\t\t<div class=\"elementor-widget-wrap elementor-element-populated\">\n\t\t\t\t\t\t<div class=\"elementor-element elementor-element-4c9a41a elementor-widget elementor-widget-heading\" data-id=\"4c9a41a\" data-element_type=\"widget\" data-widget_type=\"heading.default\">\n\t\t\t\t<div class=\"elementor-widget-container\">\n\t\t\t\t\t<h2 class=\"elementor-heading-title elementor-size-default\">Hypnose Ericksonienne<\/h2>\t\t\t\t<\/div>\n\t\t\t\t<\/div>\n\t\t\t\t\t<\/div>\n\t\t<\/div>\n\t\t\t\t\t<\/div>\n\t\t<\/section>\n\t\t\t\t<section class=\"elementor-section elementor-top-section elementor-element elementor-element-b6d54e4 elementor-section-boxed elementor-section-height-default elementor-section-height-default\" data-id=\"b6d54e4\" data-element_type=\"section\">\n\t\t\t\t\t\t<div class=\"elementor-container elementor-column-gap-default\">\n\t\t\t\t\t<div class=\"elementor-column elementor-col-100 elementor-top-column elementor-element elementor-element-a2f6bb9\" data-id=\"a2f6bb9\" data-element_type=\"column\">\n\t\t\t<div class=\"elementor-widget-wrap elementor-element-populated\">\n\t\t\t\t\t\t<div class=\"elementor-element elementor-element-5db07d2 elementor-widget elementor-widget-text-editor\" data-id=\"5db07d2\" data-element_type=\"widget\" data-widget_type=\"text-editor.default\">\n\t\t\t\t<div class=\"elementor-widget-container\">\n\t\t\t\t\t\t\t\t\t<p><strong>Qu&rsquo;est ce que l&rsquo;Hypnose Ericksonienne ?<\/strong><\/p><p>L\u2019Hypnose est une m\u00e9thode simple, efficace avec des changements visibles rapides, elle permet d&rsquo;acc\u00e9der \u00e0 l&rsquo;inconscient.<\/p><p>Cela aide \u00e0 surmonter des probl\u00e8mes comme les addictions, stress, l&rsquo;anxi\u00e9t\u00e9, les insomnies\u00a0 ou les habitudes ind\u00e9sirables&#8230;<\/p><p>Pendant l&rsquo;hypnose, la personne reste consciente et en contr\u00f4le, mais elle devient plus r\u00e9ceptive aux suggestions positives qui peuvent aider \u00e0 apporter des changements positifs dans leur vie.<\/p>\t\t\t\t\t\t\t\t<\/div>\n\t\t\t\t<\/div>\n\t\t\t\t\t<\/div>\n\t\t<\/div>\n\t\t\t\t\t<\/div>\n\t\t<\/section>\n\t\t\t\t<section class=\"elementor-section elementor-top-section elementor-element elementor-element-e52b2e2 elementor-section-boxed elementor-section-height-default elementor-section-height-default\" data-id=\"e52b2e2\" data-element_type=\"section\">\n\t\t\t\t\t\t<div class=\"elementor-container elementor-column-gap-default\">\n\t\t\t\t\t<div class=\"elementor-column elementor-col-100 elementor-top-column elementor-element elementor-element-9673e7e\" data-id=\"9673e7e\" data-element_type=\"column\">\n\t\t\t<div class=\"elementor-widget-wrap elementor-element-populated\">\n\t\t\t\t\t\t<div class=\"elementor-element elementor-element-cbeb915 elementor-widget elementor-widget-text-editor\" data-id=\"cbeb915\" data-element_type=\"widget\" data-widget_type=\"text-editor.default\">\n\t\t\t\t<div class=\"elementor-widget-container\">\n\t\t\t\t\t\t\t\t\t<p><strong>Retrouver nos praticiens :\u00a0<\/strong><\/p>\t\t\t\t\t\t\t\t<\/div>\n\t\t\t\t<\/div>\n\t\t\t\t\t<\/div>\n\t\t<\/div>\n\t\t\t\t\t<\/div>\n\t\t<\/section>\n\t\t\t\t<section class=\"elementor-section elementor-top-section elementor-element elementor-element-7bb6e26 elementor-section-boxed elementor-section-height-default elementor-section-height-default\" data-id=\"7bb6e26\" data-element_type=\"section\">\n\t\t\t\t\t\t<div class=\"elementor-container elementor-column-gap-default\">\n\t\t\t\t\t<div class=\"elementor-column elementor-col-50 elementor-top-column elementor-element elementor-element-ba1d4aa\" data-id=\"ba1d4aa\" data-element_type=\"column\">\n\t\t\t<div class=\"elementor-widget-wrap elementor-element-populated\">\n\t\t\t\t\t\t<div class=\"elementor-element elementor-element-83ad3a6 elementor-widget elementor-widget-text-editor\" data-id=\"83ad3a6\" data-element_type=\"widget\" data-widget_type=\"text-editor.default\">\n\t\t\t\t<div class=\"elementor-widget-container\">\n\t\t\t\t\t\t\t\t\t<p><strong>Jennifer Barrault<\/strong><\/p><p><strong>T\u00e9l\u00e9phone : 06 52 80 40 34 <\/strong><\/p><p><strong>site : <a href=\"https:\/\/hypnose-barrault.fr\/\">https:\/\/hypnose-barrault.fr\/<\/a><\/strong><\/p>\t\t\t\t\t\t\t\t<\/div>\n\t\t\t\t<\/div>\n\t\t\t\t\t<\/div>\n\t\t<\/div>\n\t\t\t\t<div class=\"elementor-column elementor-col-50 elementor-top-column elementor-element elementor-element-9f7dcab\" data-id=\"9f7dcab\" data-element_type=\"column\">\n\t\t\t<div class=\"elementor-widget-wrap elementor-element-populated\">\n\t\t\t\t\t\t<div class=\"elementor-element elementor-element-268e99e elementor-widget elementor-widget-text-editor\" data-id=\"268e99e\" data-element_type=\"widget\" data-widget_type=\"text-editor.default\">\n\t\t\t\t<div class=\"elementor-widget-container\">\n\t\t\t\t\t\t\t\t\t<p><strong style=\"font-style: inherit; background-color: transparent; font-family: var( --e-global-typography-text-font-family ), Sans-serif;\">Lydie Treilly<\/strong><\/p><p><strong style=\"font-style: inherit; background-color: transparent; font-family: var( --e-global-typography-text-font-family ), Sans-serif;\">T\u00e9l\u00e9phone : 06 70 94 39 02<\/strong><\/p><p><strong>mail\u00a0 : <a href=\"mailto:lydietreilly@hotmail.fr\">lydietreilly@hotmail.fr<\/a><\/strong><\/p>\t\t\t\t\t\t\t\t<\/div>\n\t\t\t\t<\/div>\n\t\t\t\t\t<\/div>\n\t\t<\/div>\n\t\t\t\t\t<\/div>\n\t\t<\/section>\n\t\t\t\t<section class=\"elementor-section elementor-top-section elementor-element elementor-element-822a9a9 elementor-section-boxed elementor-section-height-default elementor-section-height-default\" data-id=\"822a9a9\" data-element_type=\"section\">\n\t\t\t\t\t\t<div class=\"elementor-container elementor-column-gap-default\">\n\t\t\t\t\t<div class=\"elementor-column elementor-col-100 elementor-top-column elementor-element elementor-element-54b83dd\" data-id=\"54b83dd\" data-element_type=\"column\">\n\t\t\t<div class=\"elementor-widget-wrap elementor-element-populated\">\n\t\t\t\t\t\t<div class=\"elementor-element elementor-element-dd95641 elementor-widget elementor-widget-image\" data-id=\"dd95641\" data-element_type=\"widget\" data-widget_type=\"image.default\">\n\t\t\t\t<div class=\"elementor-widget-container\">\n\t\t\t\t\t\t\t\t\t\t\t\t\t\t\t<img fetchpriority=\"high\" decoding=\"async\" width=\"768\" height=\"512\" src=\"https:\/\/mieuxetreenre.fr\/wp-content\/uploads\/2024\/09\/ai-generated-8184055_1920-768x512.jpg\" class=\"attachment-medium_large size-medium_large wp-image-1003\" alt=\"\" srcset=\"https:\/\/mieuxetreenre.fr\/wp-content\/uploads\/2024\/09\/ai-generated-8184055_1920-768x512.jpg 768w, https:\/\/mieuxetreenre.fr\/wp-content\/uploads\/2024\/09\/ai-generated-8184055_1920-300x200.jpg 300w, https:\/\/mieuxetreenre.fr\/wp-content\/uploads\/2024\/09\/ai-generated-8184055_1920-1024x683.jpg 1024w, https:\/\/mieuxetreenre.fr\/wp-content\/uploads\/2024\/09\/ai-generated-8184055_1920-1536x1024.jpg 1536w, https:\/\/mieuxetreenre.fr\/wp-content\/uploads\/2024\/09\/ai-generated-8184055_1920-1320x880.jpg 1320w, https:\/\/mieuxetreenre.fr\/wp-content\/uploads\/2024\/09\/ai-generated-8184055_1920.jpg 1920w\" sizes=\"(max-width: 768px) 100vw, 768px\" \/>\t\t\t\t\t\t\t\t\t\t\t\t\t\t\t<\/div>\n\t\t\t\t<\/div>\n\t\t\t\t\t<\/div>\n\t\t<\/div>\n\t\t\t\t\t<\/div>\n\t\t<\/section>\n\t\t\t\t<\/div>\n\t\t","protected":false},"excerpt":{"rendered":"<p>Hypnose Ericksonienne Qu&rsquo;est ce que l&rsquo;Hypnose Ericksonienne ? L\u2019Hypnose est une m\u00e9thode simple, efficace avec des changements visibles rapides, elle permet d&rsquo;acc\u00e9der \u00e0 l&rsquo;inconscient. Cela aide \u00e0 surmonter des probl\u00e8mes comme les addictions, stress, l&rsquo;anxi\u00e9t\u00e9, les insomnies\u00a0 ou les habitudes ind\u00e9sirables&#8230; Pendant l&rsquo;hypnose, la personne reste consciente et en contr\u00f4le, mais elle devient plus r\u00e9ceptive [&hellip;]<\/p>\n","protected":false},"author":2,"featured_media":0,"parent":0,"menu_order":0,"comment_status":"closed","ping_status":"closed","template":"","meta":{"site-sidebar-layout":"no-sidebar","site-content-layout":"page-builder","ast-site-content-layout":"full-width-container","site-content-style":"unboxed","site-sidebar-style":"unboxed","ast-global-header-display":"","ast-banner-title-visibility":"","ast-main-header-display":"","ast-hfb-above-header-display":"","ast-hfb-below-header-display":"","ast-hfb-mobile-header-display":"","site-post-title":"disabled","ast-breadcrumbs-content":"","ast-featured-img":"disabled","footer-sml-layout":"","theme-transparent-header-meta":"","adv-header-id-meta":"","stick-header-meta":"","header-above-stick-meta":"","header-main-stick-meta":"","header-below-stick-meta":"","astra-migrate-meta-layouts":"set","ast-page-background-enabled":"default","ast-page-background-meta":{"desktop":{"background-color":"var(--ast-global-color-4)","background-image":"","background-repeat":"repeat","background-position":"center center","background-size":"auto","background-attachment":"scroll","background-type":"","background-media":"","overlay-type":"","overlay-color":"","overlay-opacity":"","overlay-gradient":""},"tablet":{"background-color":"","background-image":"","background-repeat":"repeat","background-position":"center center","background-size":"auto","background-attachment":"scroll","background-type":"","background-media":"","overlay-type":"","overlay-color":"","overlay-opacity":"","overlay-gradient":""},"mobile":{"background-color":"","background-image":"","background-repeat":"repeat","background-position":"center center","background-size":"auto","background-attachment":"scroll","background-type":"","background-media":"","overlay-type":"","overlay-color":"","overlay-opacity":"","overlay-gradient":""}},"ast-content-background-meta":{"desktop":{"background-color":"var(--ast-global-color-5)","background-image":"","background-repeat":"repeat","background-position":"center center","background-size":"auto","background-attachment":"scroll","background-type":"","background-media":"","overlay-type":"","overlay-color":"","overlay-opacity":"","overlay-gradient":""},"tablet":{"background-color":"var(--ast-global-color-5)","background-image":"","background-repeat":"repeat","background-position":"center center","background-size":"auto","background-attachment":"scroll","background-type":"","background-media":"","overlay-type":"","overlay-color":"","overlay-opacity":"","overlay-gradient":""},"mobile":{"background-color":"var(--ast-global-color-5)","background-image":"","background-repeat":"repeat","background-position":"center center","background-size":"auto","background-attachment":"scroll","background-type":"","background-media":"","overlay-type":"","overlay-color":"","overlay-opacity":"","overlay-gradient":""}},"footnotes":""},"class_list":["post-1000","page","type-page","status-publish","hentry"],"yoast_head":"<!-- This site is optimized with the Yoast SEO plugin v25.8 - https:\/\/yoast.com\/wordpress\/plugins\/seo\/ -->\n<title>Hypnose Ericksonienne - Association Mieux \u00eatre en R\u00e9<\/title>\n<meta name=\"description\" content=\"L&#039;hypnose Ericksonienne est propos\u00e9e sur l&#039;Ile de R\u00e9 par les membres de l&#039;association Mieux \u00catre en R\u00e9 : Jennifer Barrault et Lydie Treilly\" \/>\n<meta name=\"robots\" content=\"index, follow, max-snippet:-1, max-image-preview:large, max-video-preview:-1\" \/>\n<link rel=\"canonical\" href=\"https:\/\/mieuxetreenre.fr\/index.php\/hypnose-ericksonienne\/\" \/>\n<meta property=\"og:locale\" content=\"fr_FR\" \/>\n<meta property=\"og:type\" content=\"article\" \/>\n<meta property=\"og:title\" content=\"Hypnose Ericksonienne - Association Mieux \u00eatre en R\u00e9\" \/>\n<meta property=\"og:description\" content=\"L&#039;hypnose Ericksonienne est propos\u00e9e sur l&#039;Ile de R\u00e9 par les membres de l&#039;association Mieux \u00catre en R\u00e9 : Jennifer Barrault et Lydie Treilly\" \/>\n<meta property=\"og:url\" content=\"https:\/\/mieuxetreenre.fr\/index.php\/hypnose-ericksonienne\/\" \/>\n<meta property=\"og:site_name\" content=\"Association Mieux \u00eatre en R\u00e9\" \/>\n<meta property=\"article:publisher\" content=\"https:\/\/www.facebook.com\/Mieux.Etre.en.Re\" \/>\n<meta property=\"article:modified_time\" content=\"2024-09-07T17:56:04+00:00\" \/>\n<meta property=\"og:image\" content=\"https:\/\/mieuxetreenre.fr\/wp-content\/uploads\/2024\/09\/ai-generated-8184055_1920-768x512.jpg\" \/>\n<meta name=\"twitter:card\" content=\"summary_large_image\" \/>\n<meta name=\"twitter:label1\" content=\"Dur\u00e9e de lecture estim\u00e9e\" \/>\n\t<meta name=\"twitter:data1\" content=\"1 minute\" \/>\n<script type=\"application\/ld+json\" class=\"yoast-schema-graph\">{\"@context\":\"https:\/\/schema.org\",\"@graph\":[{\"@type\":\"WebPage\",\"@id\":\"https:\/\/mieuxetreenre.fr\/index.php\/hypnose-ericksonienne\/\",\"url\":\"https:\/\/mieuxetreenre.fr\/index.php\/hypnose-ericksonienne\/\",\"name\":\"Hypnose Ericksonienne - Association Mieux \u00eatre en R\u00e9\",\"isPartOf\":{\"@id\":\"https:\/\/mieuxetreenre.fr\/#website\"},\"primaryImageOfPage\":{\"@id\":\"https:\/\/mieuxetreenre.fr\/index.php\/hypnose-ericksonienne\/#primaryimage\"},\"image\":{\"@id\":\"https:\/\/mieuxetreenre.fr\/index.php\/hypnose-ericksonienne\/#primaryimage\"},\"thumbnailUrl\":\"https:\/\/mieuxetreenre.fr\/wp-content\/uploads\/2024\/09\/ai-generated-8184055_1920-768x512.jpg\",\"datePublished\":\"2024-09-03T17:34:00+00:00\",\"dateModified\":\"2024-09-07T17:56:04+00:00\",\"description\":\"L'hypnose Ericksonienne est propos\u00e9e sur l'Ile de R\u00e9 par les membres de l'association Mieux \u00catre en R\u00e9 : Jennifer Barrault et Lydie Treilly\",\"breadcrumb\":{\"@id\":\"https:\/\/mieuxetreenre.fr\/index.php\/hypnose-ericksonienne\/#breadcrumb\"},\"inLanguage\":\"fr-FR\",\"potentialAction\":[{\"@type\":\"ReadAction\",\"target\":[\"https:\/\/mieuxetreenre.fr\/index.php\/hypnose-ericksonienne\/\"]}]},{\"@type\":\"ImageObject\",\"inLanguage\":\"fr-FR\",\"@id\":\"https:\/\/mieuxetreenre.fr\/index.php\/hypnose-ericksonienne\/#primaryimage\",\"url\":\"https:\/\/mieuxetreenre.fr\/wp-content\/uploads\/2024\/09\/ai-generated-8184055_1920.jpg\",\"contentUrl\":\"https:\/\/mieuxetreenre.fr\/wp-content\/uploads\/2024\/09\/ai-generated-8184055_1920.jpg\",\"width\":1920,\"height\":1280},{\"@type\":\"BreadcrumbList\",\"@id\":\"https:\/\/mieuxetreenre.fr\/index.php\/hypnose-ericksonienne\/#breadcrumb\",\"itemListElement\":[{\"@type\":\"ListItem\",\"position\":1,\"name\":\"Accueil\",\"item\":\"https:\/\/mieuxetreenre.fr\/\"},{\"@type\":\"ListItem\",\"position\":2,\"name\":\"Hypnose Ericksonienne\"}]},{\"@type\":\"WebSite\",\"@id\":\"https:\/\/mieuxetreenre.fr\/#website\",\"url\":\"https:\/\/mieuxetreenre.fr\/\",\"name\":\"Association Mieux \u00eatre en R\u00e9\",\"description\":\"F\u00e9d\u00e9rateur de bonheur\",\"publisher\":{\"@id\":\"https:\/\/mieuxetreenre.fr\/#organization\"},\"potentialAction\":[{\"@type\":\"SearchAction\",\"target\":{\"@type\":\"EntryPoint\",\"urlTemplate\":\"https:\/\/mieuxetreenre.fr\/?s={search_term_string}\"},\"query-input\":{\"@type\":\"PropertyValueSpecification\",\"valueRequired\":true,\"valueName\":\"search_term_string\"}}],\"inLanguage\":\"fr-FR\"},{\"@type\":\"Organization\",\"@id\":\"https:\/\/mieuxetreenre.fr\/#organization\",\"name\":\"Association Mieux \u00eatre en R\u00e9\",\"url\":\"https:\/\/mieuxetreenre.fr\/\",\"logo\":{\"@type\":\"ImageObject\",\"inLanguage\":\"fr-FR\",\"@id\":\"https:\/\/mieuxetreenre.fr\/#\/schema\/logo\/image\/\",\"url\":\"https:\/\/mieuxetreenre.fr\/wp-content\/uploads\/2023\/03\/cropped-cropped-LOGO-MEER-ROND-1-1.png\",\"contentUrl\":\"https:\/\/mieuxetreenre.fr\/wp-content\/uploads\/2023\/03\/cropped-cropped-LOGO-MEER-ROND-1-1.png\",\"width\":293,\"height\":290,\"caption\":\"Association Mieux \u00eatre en R\u00e9\"},\"image\":{\"@id\":\"https:\/\/mieuxetreenre.fr\/#\/schema\/logo\/image\/\"},\"sameAs\":[\"https:\/\/www.facebook.com\/Mieux.Etre.en.Re\"]}]}<\/script>\n<!-- \/ Yoast SEO plugin. -->","yoast_head_json":{"title":"Hypnose Ericksonienne - Association Mieux \u00eatre en R\u00e9","description":"L'hypnose Ericksonienne est propos\u00e9e sur l'Ile de R\u00e9 par les membres de l'association Mieux \u00catre en R\u00e9 : Jennifer Barrault et Lydie Treilly","robots":{"index":"index","follow":"follow","max-snippet":"max-snippet:-1","max-image-preview":"max-image-preview:large","max-video-preview":"max-video-preview:-1"},"canonical":"https:\/\/mieuxetreenre.fr\/index.php\/hypnose-ericksonienne\/","og_locale":"fr_FR","og_type":"article","og_title":"Hypnose Ericksonienne - Association Mieux \u00eatre en R\u00e9","og_description":"L'hypnose Ericksonienne est propos\u00e9e sur l'Ile de R\u00e9 par les membres de l'association Mieux \u00catre en R\u00e9 : Jennifer Barrault et Lydie Treilly","og_url":"https:\/\/mieuxetreenre.fr\/index.php\/hypnose-ericksonienne\/","og_site_name":"Association Mieux \u00eatre en R\u00e9","article_publisher":"https:\/\/www.facebook.com\/Mieux.Etre.en.Re","article_modified_time":"2024-09-07T17:56:04+00:00","og_image":[{"url":"https:\/\/mieuxetreenre.fr\/wp-content\/uploads\/2024\/09\/ai-generated-8184055_1920-768x512.jpg","type":"","width":"","height":""}],"twitter_card":"summary_large_image","twitter_misc":{"Dur\u00e9e de lecture estim\u00e9e":"1 minute"},"schema":{"@context":"https:\/\/schema.org","@graph":[{"@type":"WebPage","@id":"https:\/\/mieuxetreenre.fr\/index.php\/hypnose-ericksonienne\/","url":"https:\/\/mieuxetreenre.fr\/index.php\/hypnose-ericksonienne\/","name":"Hypnose Ericksonienne - Association Mieux \u00eatre en R\u00e9","isPartOf":{"@id":"https:\/\/mieuxetreenre.fr\/#website"},"primaryImageOfPage":{"@id":"https:\/\/mieuxetreenre.fr\/index.php\/hypnose-ericksonienne\/#primaryimage"},"image":{"@id":"https:\/\/mieuxetreenre.fr\/index.php\/hypnose-ericksonienne\/#primaryimage"},"thumbnailUrl":"https:\/\/mieuxetreenre.fr\/wp-content\/uploads\/2024\/09\/ai-generated-8184055_1920-768x512.jpg","datePublished":"2024-09-03T17:34:00+00:00","dateModified":"2024-09-07T17:56:04+00:00","description":"L'hypnose Ericksonienne est propos\u00e9e sur l'Ile de R\u00e9 par les membres de l'association Mieux \u00catre en R\u00e9 : Jennifer Barrault et Lydie Treilly","breadcrumb":{"@id":"https:\/\/mieuxetreenre.fr\/index.php\/hypnose-ericksonienne\/#breadcrumb"},"inLanguage":"fr-FR","potentialAction":[{"@type":"ReadAction","target":["https:\/\/mieuxetreenre.fr\/index.php\/hypnose-ericksonienne\/"]}]},{"@type":"ImageObject","inLanguage":"fr-FR","@id":"https:\/\/mieuxetreenre.fr\/index.php\/hypnose-ericksonienne\/#primaryimage","url":"https:\/\/mieuxetreenre.fr\/wp-content\/uploads\/2024\/09\/ai-generated-8184055_1920.jpg","contentUrl":"https:\/\/mieuxetreenre.fr\/wp-content\/uploads\/2024\/09\/ai-generated-8184055_1920.jpg","width":1920,"height":1280},{"@type":"BreadcrumbList","@id":"https:\/\/mieuxetreenre.fr\/index.php\/hypnose-ericksonienne\/#breadcrumb","itemListElement":[{"@type":"ListItem","position":1,"name":"Accueil","item":"https:\/\/mieuxetreenre.fr\/"},{"@type":"ListItem","position":2,"name":"Hypnose Ericksonienne"}]},{"@type":"WebSite","@id":"https:\/\/mieuxetreenre.fr\/#website","url":"https:\/\/mieuxetreenre.fr\/","name":"Association Mieux \u00eatre en R\u00e9","description":"F\u00e9d\u00e9rateur de bonheur","publisher":{"@id":"https:\/\/mieuxetreenre.fr\/#organization"},"potentialAction":[{"@type":"SearchAction","target":{"@type":"EntryPoint","urlTemplate":"https:\/\/mieuxetreenre.fr\/?s={search_term_string}"},"query-input":{"@type":"PropertyValueSpecification","valueRequired":true,"valueName":"search_term_string"}}],"inLanguage":"fr-FR"},{"@type":"Organization","@id":"https:\/\/mieuxetreenre.fr\/#organization","name":"Association Mieux \u00eatre en R\u00e9","url":"https:\/\/mieuxetreenre.fr\/","logo":{"@type":"ImageObject","inLanguage":"fr-FR","@id":"https:\/\/mieuxetreenre.fr\/#\/schema\/logo\/image\/","url":"https:\/\/mieuxetreenre.fr\/wp-content\/uploads\/2023\/03\/cropped-cropped-LOGO-MEER-ROND-1-1.png","contentUrl":"https:\/\/mieuxetreenre.fr\/wp-content\/uploads\/2023\/03\/cropped-cropped-LOGO-MEER-ROND-1-1.png","width":293,"height":290,"caption":"Association Mieux \u00eatre en R\u00e9"},"image":{"@id":"https:\/\/mieuxetreenre.fr\/#\/schema\/logo\/image\/"},"sameAs":["https:\/\/www.facebook.com\/Mieux.Etre.en.Re"]}]}},"jetpack_sharing_enabled":true,"_links":{"self":[{"href":"https:\/\/mieuxetreenre.fr\/index.php\/wp-json\/wp\/v2\/pages\/1000","targetHints":{"allow":["GET"]}}],"collection":[{"href":"https:\/\/mieuxetreenre.fr\/index.php\/wp-json\/wp\/v2\/pages"}],"about":[{"href":"https:\/\/mieuxetreenre.fr\/index.php\/wp-json\/wp\/v2\/types\/page"}],"author":[{"embeddable":true,"href":"https:\/\/mieuxetreenre.fr\/index.php\/wp-json\/wp\/v2\/users\/2"}],"replies":[{"embeddable":true,"href":"https:\/\/mieuxetreenre.fr\/index.php\/wp-json\/wp\/v2\/comments?post=1000"}],"version-history":[{"count":11,"href":"https:\/\/mieuxetreenre.fr\/index.php\/wp-json\/wp\/v2\/pages\/1000\/revisions"}],"predecessor-version":[{"id":1067,"href":"https:\/\/mieuxetreenre.fr\/index.php\/wp-json\/wp\/v2\/pages\/1000\/revisions\/1067"}],"wp:attachment":[{"href":"https:\/\/mieuxetreenre.fr\/index.php\/wp-json\/wp\/v2\/media?parent=1000"}],"curies":[{"name":"wp","href":"https:\/\/api.w.org\/{rel}","templated":true}]}}